{"id":1481,"date":"2015-07-31T08:14:19","date_gmt":"2015-07-31T08:14:19","guid":{"rendered":"http:\/\/medicine-plus.cmsmasters.net\/?page_id=1481"},"modified":"2022-12-08T11:00:13","modified_gmt":"2022-12-08T10:00:13","slug":"securite-gardiennage","status":"publish","type":"page","link":"https:\/\/swiftglobalservices-drc.com\/index.php\/securite-gardiennage\/","title":{"rendered":"Securite Gardiennage"},"content":{"rendered":"<style type=\"text\/css\"> \n#cmsmasters_row_69fb3d7022dd8 .cmsmasters_row_outer_parent { \n\tpadding-top: 70px; \n} \n\n#cmsmasters_row_69fb3d7022dd8 .cmsmasters_row_outer_parent { \n\tpadding-bottom: 50px; \n} \n\n \n#cmsmasters_tabs_list_item_69fb3d7023a75.current_tab a,#cmsmasters_tabs_list_item_69fb3d7023a75 a:hover { \n\tcolor:#f9be4d;\n} \n\n#cmsmasters_tabs_list_item_69fb3d7023cb0.current_tab a,#cmsmasters_tabs_list_item_69fb3d7023cb0 a:hover { \n\tcolor:#01a2a6;\n} \n\n#cmsmasters_tabs_list_item_69fb3d7023ea7.current_tab a,#cmsmasters_tabs_list_item_69fb3d7023ea7 a:hover { \n\tcolor:#169eb7;\n} \n\n#cmsmasters_tabs_list_item_69fb3d70240c2.current_tab a,#cmsmasters_tabs_list_item_69fb3d70240c2 a:hover { \n\tcolor:#169eb7;\n} \n #cmsmasters_icon_list_items_69fb3d702355e { \n\tpadding-left:35px; \n} \n\n#cmsmasters_icon_list_items_69fb3d702355e .cmsmasters_icon_list_item:before { \n\tfont-size:15px; \n\tleft:-35px; \n} \n\n.cmsmasters_icon_list_items #cmsmasters_icon_list_item_69fb3d7023652:before { \n\tcolor:#fe5969;\n} \n\n.cmsmasters_icon_list_items #cmsmasters_icon_list_item_69fb3d702368b:before { \n\tcolor:#fe5969;\n} \n\n.cmsmasters_icon_list_items #cmsmasters_icon_list_item_69fb3d70236ab:before { \n\tcolor:#fe5969;\n} \n\n.cmsmasters_icon_list_items #cmsmasters_icon_list_item_69fb3d70236c4:before { \n\tcolor:#fe5969;\n} \n\n.cmsmasters_icon_list_items #cmsmasters_icon_list_item_69fb3d70236e0:before { \n\tcolor:#fe5969;\n} \n\n.cmsmasters_icon_list_items #cmsmasters_icon_list_item_69fb3d70236fa:before { \n\tcolor:#fe5969;\n} \n #cmsmasters_icon_list_items_69fb3d7023b45 { \n\tpadding-left:35px; \n} \n\n#cmsmasters_icon_list_items_69fb3d7023b45 .cmsmasters_icon_list_item:before { \n\tfont-size:15px; \n\tleft:-35px; \n} \n\n.cmsmasters_icon_list_items #cmsmasters_icon_list_item_69fb3d7023b96:before { \n\tcolor:#fe5969;\n} \n\n.cmsmasters_icon_list_items #cmsmasters_icon_list_item_69fb3d7023bbb:before { \n\tcolor:#fe5969;\n} \n\n.cmsmasters_icon_list_items #cmsmasters_icon_list_item_69fb3d7023bd8:before { \n\tcolor:#fe5969;\n} \n\n.cmsmasters_icon_list_items #cmsmasters_icon_list_item_69fb3d7023bf1:before { \n\tcolor:#fe5969;\n} \n\n.cmsmasters_icon_list_items #cmsmasters_icon_list_item_69fb3d7023c0a:before { \n\tcolor:#fe5969;\n} \n\n.cmsmasters_icon_list_items #cmsmasters_icon_list_item_69fb3d7023c22:before { \n\tcolor:#fe5969;\n} \n #cmsmasters_icon_list_items_69fb3d7023d5e { \n\tpadding-left:35px; \n} \n\n#cmsmasters_icon_list_items_69fb3d7023d5e .cmsmasters_icon_list_item:before { \n\tfont-size:15px; \n\tleft:-35px; \n} \n\n.cmsmasters_icon_list_items #cmsmasters_icon_list_item_69fb3d7023da3:before { \n\tcolor:#fe5969;\n} \n\n.cmsmasters_icon_list_items #cmsmasters_icon_list_item_69fb3d7023dc4:before { \n\tcolor:#fe5969;\n} \n\n.cmsmasters_icon_list_items #cmsmasters_icon_list_item_69fb3d7023ddf:before { \n\tcolor:#fe5969;\n} \n\n.cmsmasters_icon_list_items #cmsmasters_icon_list_item_69fb3d7023df8:before { \n\tcolor:#fe5969;\n} \n\n.cmsmasters_icon_list_items #cmsmasters_icon_list_item_69fb3d7023e11:before { \n\tcolor:#fe5969;\n} \n\n.cmsmasters_icon_list_items #cmsmasters_icon_list_item_69fb3d7023e29:before { \n\tcolor:#fe5969;\n} \n #cmsmasters_icon_list_items_69fb3d7023f67 { \n\tpadding-left:35px; \n} \n\n#cmsmasters_icon_list_items_69fb3d7023f67 .cmsmasters_icon_list_item:before { \n\tfont-size:15px; \n\tleft:-35px; \n} \n\n.cmsmasters_icon_list_items #cmsmasters_icon_list_item_69fb3d7023fab:before { \n\tcolor:#fe5969;\n} \n\n.cmsmasters_icon_list_items #cmsmasters_icon_list_item_69fb3d7023fcd:before { \n\tcolor:#fe5969;\n} \n\n.cmsmasters_icon_list_items #cmsmasters_icon_list_item_69fb3d7023fe7:before { \n\tcolor:#fe5969;\n} \n\n.cmsmasters_icon_list_items #cmsmasters_icon_list_item_69fb3d7023fff:before { \n\tcolor:#fe5969;\n} \n\n.cmsmasters_icon_list_items #cmsmasters_icon_list_item_69fb3d7024019:before { \n\tcolor:#fe5969;\n} \n\n.cmsmasters_icon_list_items #cmsmasters_icon_list_item_69fb3d7024034:before { \n\tcolor:#fe5969;\n} \n #cmsmasters_icon_list_items_69fb3d7024192 { \n\tpadding-left:35px; \n} \n\n#cmsmasters_icon_list_items_69fb3d7024192 .cmsmasters_icon_list_item:before { \n\tfont-size:15px; \n\tleft:-35px; \n} \n\n.cmsmasters_icon_list_items #cmsmasters_icon_list_item_69fb3d70241d5:before { \n\tcolor:#fe5969;\n} \n\n.cmsmasters_icon_list_items #cmsmasters_icon_list_item_69fb3d70241f5:before { \n\tcolor:#fe5969;\n} \n\n.cmsmasters_icon_list_items #cmsmasters_icon_list_item_69fb3d7024210:before { \n\tcolor:#fe5969;\n} \n\n.cmsmasters_icon_list_items #cmsmasters_icon_list_item_69fb3d7024229:before { \n\tcolor:#fe5969;\n} \n\n.cmsmasters_icon_list_items #cmsmasters_icon_list_item_69fb3d7024242:before { \n\tcolor:#fe5969;\n} \n\n.cmsmasters_icon_list_items #cmsmasters_icon_list_item_69fb3d702425a:before { \n\tcolor:#fe5969;\n} \n \n#cmsmasters_row_69fb3d70243c1 .cmsmasters_row_outer_parent { \n\tpadding-top: 0px; \n} \n\n#cmsmasters_row_69fb3d70243c1 .cmsmasters_row_inner.cmsmasters_row_fullwidth { \n\tpadding-left:0%; \n} \n#cmsmasters_row_69fb3d70243c1 .cmsmasters_row_inner.cmsmasters_row_fullwidth { \n\tpadding-right:0%; \n} \n \n#cmsmasters_divider_69fb3d70245c4 { \n\tborder-bottom-width:1px; \n\tborder-bottom-style:solid; \n\tpadding-top:0px; \n\tmargin-bottom:0px; \n} \n \n#cmsmasters_row_69fb3d7024606 .cmsmasters_row_outer_parent { \n\tpadding-top: 70px; \n} \n\n#cmsmasters_row_69fb3d7024606 .cmsmasters_row_outer_parent { \n\tpadding-bottom: 80px; \n} \n\n \n#cmsmasters_heading_69fb3d70247d3 { \n\ttext-align:center; \n\tmargin-top:0px; \n\tmargin-bottom:70px; \n} \n\n#cmsmasters_heading_69fb3d70247d3 .cmsmasters_heading { \n\ttext-align:center; \n} \n\n#cmsmasters_heading_69fb3d70247d3 .cmsmasters_heading, #cmsmasters_heading_69fb3d70247d3 .cmsmasters_heading a { \n\tfont-weight:300; \n\tfont-style:normal; \n} \n\n#cmsmasters_heading_69fb3d70247d3 .cmsmasters_heading_divider { \n} \n\n <\/style><div id=\"cmsmasters_row_69fb3d7022dd8\" class=\"cmsmasters_row cmsmasters_color_scheme_default cmsmasters_row_top_default cmsmasters_row_bot_default cmsmasters_row_boxed\">\n<div class=\"cmsmasters_row_outer_parent\">\n<div class=\"cmsmasters_row_outer\">\n<div class=\"cmsmasters_row_inner\">\n<div class=\"cmsmasters_row_margin\">\n<div class=\"cmsmasters_column one_first\">\n \n<div class=\"cmsmasters_tabs tabs_mode_tab\">\n<ul class=\"cmsmasters_tabs_list\">\n<li id=\"cmsmasters_tabs_list_item_69fb3d70233fe\" class=\"cmsmasters_tabs_list_item current_tab\">\n<a href=\"#\" class=\"cmsmasters-icon-bell\">\n<span>Gardiennage<\/span>\n<\/a>\n<\/li><li id=\"cmsmasters_tabs_list_item_69fb3d7023a75\" class=\"cmsmasters_tabs_list_item\">\n<a href=\"#\" class=\"cmsmasters-icon-lock\">\n<span>Garde Rapproch\u00e9e<\/span>\n<\/a>\n<\/li><li id=\"cmsmasters_tabs_list_item_69fb3d7023cb0\" class=\"cmsmasters_tabs_list_item\">\n<a href=\"#\" class=\"cmsmasters-icon-fire\">\n<span>Anti incendie<\/span>\n<\/a>\n<\/li><li id=\"cmsmasters_tabs_list_item_69fb3d7023ea7\" class=\"cmsmasters_tabs_list_item\">\n<a href=\"#\" class=\"cmsmasters-icon-key\">\n<span>Agents cynophile<\/span>\n<\/a>\n<\/li><li id=\"cmsmasters_tabs_list_item_69fb3d70240c2\" class=\"cmsmasters_tabs_list_item\">\n<a href=\"#\" class=\"cmsmasters-icon-videocam\">\n<span>Securit\u00e9 Numeris\u00e9e<\/span>\n<\/a>\n<\/li><\/ul>\n<div class=\"cmsmasters_tabs_wrap\">\n<div id=\"cmsmasters_tab_69fb3d70233fe\" class=\"cmsmasters_tab active_tab\">\n<div class=\"cmsmasters_tab_inner\">\n<p><a href=\"http:\/\/demo.logistic-business.cmsmasters.net\/wp-content\/uploads\/sites\/2\/2015\/07\/Depositphotos_85241664_original.jpg\"><img loading=\"lazy\" decoding=\"async\" class=\"size-full wp-image-4963 alignleft\" src=\"https:\/\/swiftglobalservices-drc.com\/wp-content\/uploads\/2022\/11\/security-guard-photo-1.jpg\" alt=\"Depositphotos_85241664_original\" width=\"580\" height=\"400\" \/><\/a>Nous sommes dans un environnement o\u00f9 l\u2019ins\u00e9curit\u00e9 bat son record, SWIFT a beau s\u2019\u00e9vertuer pour r\u00e9duire tant soit peu la teneur li\u00e9e \u00e0 cette situation d\u2019ins\u00e9curit\u00e9 en mettant \u00e0 la disposition de population congolaise et aux organismes internationaux des gardiens biens form\u00e9 avec des mat\u00e9riels ad-hoc.<\/p>\n<p><em>Nos gardiens s\u2019occupent non seulement de votre s\u00e9curit\u00e9 et celle de vos biens mais aussi la gestion administrative de votre (r\u00e9ception, accueil, secr\u00e9tariat,) La surveillance technique de vos immeubles et \u00e9quipements fait notre grande pr\u00e9occupation.<\/em><\/p>\n \n<ul id=\"cmsmasters_icon_list_items_69fb3d702355e\" class=\"cmsmasters_icon_list_items cmsmasters_icon_list_type_list cmsmasters_icon_list_pos_left cmsmasters_color_type_border\"><li id=\"cmsmasters_icon_list_item_69fb3d7023652\" class=\"cmsmasters_icon_list_item cmsmasters-icon-check-4\"> <strong>NOS DIFFERENTES VALEURS<\/strong><\/li><li id=\"cmsmasters_icon_list_item_69fb3d702368b\" class=\"cmsmasters_icon_list_item cmsmasters-icon-check-1\"> Respect<\/li><li id=\"cmsmasters_icon_list_item_69fb3d70236ab\" class=\"cmsmasters_icon_list_item cmsmasters-icon-check-1\">Priorit\u00e9 \u00e0 la client\u00e8le<\/li><li id=\"cmsmasters_icon_list_item_69fb3d70236c4\" class=\"cmsmasters_icon_list_item cmsmasters-icon-check-1\"> Responsabilit\u00e9 finani\u00e8re<\/li><li id=\"cmsmasters_icon_list_item_69fb3d70236e0\" class=\"cmsmasters_icon_list_item cmsmasters-icon-check-1\"> Equilibre<\/li><li id=\"cmsmasters_icon_list_item_69fb3d70236fa\" class=\"cmsmasters_icon_list_item cmsmasters-icon-check-1\">Ecoute<\/li><\/ul>\n<\/div>\n<\/div><div id=\"cmsmasters_tab_69fb3d7023a75\" class=\"cmsmasters_tab\">\n<div class=\"cmsmasters_tab_inner\">\n<p><a href=\"http:\/\/demo.logistic-business.cmsmasters.net\/wp-content\/uploads\/sites\/2\/2015\/07\/Depositphotos_69408761_original1.jpg\"><img loading=\"lazy\" decoding=\"async\" class=\"size-full wp-image-4959 alignleft\" src=\"https:\/\/swiftglobalservices-drc.com\/wp-content\/uploads\/2022\/11\/garde-rapprochee-photo.jpg\" alt=\"Depositphotos_69408761_original\" width=\"580\" height=\"400\" \/><\/a><\/p>\n<p>Nous assurons la s\u00e9curit\u00e9 des personnalit\u00e9s m\u00e9diatique, sportives, des hauts fonctionnaires et des dirigeants d\u2019entreprise en les accompagnants lors de leurs d\u00e9placements priv\u00e9s ou professionnel. Ces agents peuvent jouer le r\u00f4le de chauffeur au cas o\u00f9 il y a contrat qui r\u00e8glemente cela entre eux et le client. Nous mettons \u00e0 votre disposition un super gardien \u00e9quip\u00e9 d\u2019un dispositif XL de communication de la derni\u00e8re g\u00e9n\u00e9ration avec un gilet et\/ou mallette pare-balle pour assurer votre s\u00e9curit\u00e9 surtout lors des missions \u00e0 haut risque, certains d\u2019eux qui d\u00e9tienne le permis de port d\u2019arme il dispose d\u2019une arme de protection ayant une balle a cartouche r\u00e9elle ou une balle en caoutchouc pour votre protection.<\/p>\n \n<ul id=\"cmsmasters_icon_list_items_69fb3d7023b45\" class=\"cmsmasters_icon_list_items cmsmasters_icon_list_type_list cmsmasters_icon_list_pos_left cmsmasters_color_type_border\"><li id=\"cmsmasters_icon_list_item_69fb3d7023b96\" class=\"cmsmasters_icon_list_item cmsmasters-icon-check-4\"> <strong>NOS DIFFERENTES VALEURS<\/strong><\/li><li id=\"cmsmasters_icon_list_item_69fb3d7023bbb\" class=\"cmsmasters_icon_list_item cmsmasters-icon-check-1\"> Respect<\/li><li id=\"cmsmasters_icon_list_item_69fb3d7023bd8\" class=\"cmsmasters_icon_list_item cmsmasters-icon-check-1\">Priorit\u00e9 \u00e0 la client\u00e8le<\/li><li id=\"cmsmasters_icon_list_item_69fb3d7023bf1\" class=\"cmsmasters_icon_list_item cmsmasters-icon-check-1\"> Responsabilit\u00e9 finani\u00e8re<\/li><li id=\"cmsmasters_icon_list_item_69fb3d7023c0a\" class=\"cmsmasters_icon_list_item cmsmasters-icon-check-1\"> Equilibre<\/li><li id=\"cmsmasters_icon_list_item_69fb3d7023c22\" class=\"cmsmasters_icon_list_item cmsmasters-icon-check-1\">Ecoute<\/li><\/ul>\n<\/div>\n<\/div><div id=\"cmsmasters_tab_69fb3d7023cb0\" class=\"cmsmasters_tab\">\n<div class=\"cmsmasters_tab_inner\">\n<p><a href=\"http:\/\/demo.logistic-business.cmsmasters.net\/wp-content\/uploads\/sites\/2\/2015\/07\/Depositphotos_66455527_original2.jpg\"><img loading=\"lazy\" decoding=\"async\" class=\"size-full wp-image-4969 alignleft\" src=\"https:\/\/swiftglobalservices-drc.com\/wp-content\/uploads\/2022\/11\/Anti-Incendie-photo.jpg\" alt=\"Depositphotos_66455527_original\" width=\"580\" height=\"400\" \/><\/a><\/p>\n<p>Nos brigadiers anti-incendie r\u00e9priment et pr\u00e9vienne le feu, ils sont bien form\u00e9s pour maintenir un feu et comment le combattre.<\/p>\n<p>SWIFT GLOBAL SERVICE organise une acad\u00e9mie de formation dans diff\u00e9rents domaines, notamment des techniciens dans le nettoyage, la s\u00e9curit\u00e9,<\/p>\n \n<ul id=\"cmsmasters_icon_list_items_69fb3d7023d5e\" class=\"cmsmasters_icon_list_items cmsmasters_icon_list_type_list cmsmasters_icon_list_pos_left cmsmasters_color_type_border\"><li id=\"cmsmasters_icon_list_item_69fb3d7023da3\" class=\"cmsmasters_icon_list_item cmsmasters-icon-check-4\"> <strong>NOS DIFFERENTES VALEURS<\/strong><\/li><li id=\"cmsmasters_icon_list_item_69fb3d7023dc4\" class=\"cmsmasters_icon_list_item cmsmasters-icon-check-1\"> Respect<\/li><li id=\"cmsmasters_icon_list_item_69fb3d7023ddf\" class=\"cmsmasters_icon_list_item cmsmasters-icon-check-1\">Priorit\u00e9 \u00e0 la client\u00e8le<\/li><li id=\"cmsmasters_icon_list_item_69fb3d7023df8\" class=\"cmsmasters_icon_list_item cmsmasters-icon-check-1\"> Responsabilit\u00e9 finani\u00e8re<\/li><li id=\"cmsmasters_icon_list_item_69fb3d7023e11\" class=\"cmsmasters_icon_list_item cmsmasters-icon-check-1\"> Equilibre<\/li><li id=\"cmsmasters_icon_list_item_69fb3d7023e29\" class=\"cmsmasters_icon_list_item cmsmasters-icon-check-1\">Ecoute<\/li><\/ul>\n<\/div>\n<\/div>\n<div id=\"cmsmasters_tab_69fb3d7023ea7\" class=\"cmsmasters_tab\">\n<div class=\"cmsmasters_tab_inner\">\n<p><a href=\"http:\/\/demo.logistic-business.cmsmasters.net\/wp-content\/uploads\/sites\/2\/2015\/07\/Depositphotos_66455527_original2.jpg\"><img loading=\"lazy\" decoding=\"async\" class=\"size-full wp-image-4969 alignleft\" src=\"https:\/\/swiftglobalservices-drc.com\/wp-content\/uploads\/2022\/11\/agent-cynophile-photo.jpg\" alt=\"Depositphotos_66455527_original\" width=\"580\" height=\"400\" \/><\/a><\/p>\n<p>Apr\u00e8s une phase d\u2019entrainement pendant laquelle il acquiert une parfaite maitrise de son animal, notre agent cynophile exerce son activit\u00e9 dans le gardiennage, surveillance de centres commerciaux et dans l\u2019\u00e9ducation des chiens destin\u00e9s aux personnes handicap\u00e9es apprennent \u00e0 poster divers objets, d\u00e9crocher une combine de t\u00e9l\u00e9phone, ouvrir ou fermer une porte, marquer un arr\u00eat en cas de danger.<\/p>\n \n<ul id=\"cmsmasters_icon_list_items_69fb3d7023f67\" class=\"cmsmasters_icon_list_items cmsmasters_icon_list_type_list cmsmasters_icon_list_pos_left cmsmasters_color_type_border\"><li id=\"cmsmasters_icon_list_item_69fb3d7023fab\" class=\"cmsmasters_icon_list_item cmsmasters-icon-check-4\"> <strong>NOS DIFFERENTES VALEURS<\/strong><\/li><li id=\"cmsmasters_icon_list_item_69fb3d7023fcd\" class=\"cmsmasters_icon_list_item cmsmasters-icon-check-1\"> Respect<\/li><li id=\"cmsmasters_icon_list_item_69fb3d7023fe7\" class=\"cmsmasters_icon_list_item cmsmasters-icon-check-1\">Priorit\u00e9 \u00e0 la client\u00e8le<\/li><li id=\"cmsmasters_icon_list_item_69fb3d7023fff\" class=\"cmsmasters_icon_list_item cmsmasters-icon-check-1\"> Responsabilit\u00e9 finani\u00e8re<\/li><li id=\"cmsmasters_icon_list_item_69fb3d7024019\" class=\"cmsmasters_icon_list_item cmsmasters-icon-check-1\"> Equilibre<\/li><li id=\"cmsmasters_icon_list_item_69fb3d7024034\" class=\"cmsmasters_icon_list_item cmsmasters-icon-check-1\">Ecoute<\/li><\/ul>\n<\/div>\n<\/div><div id=\"cmsmasters_tab_69fb3d70240c2\" class=\"cmsmasters_tab\">\n<div class=\"cmsmasters_tab_inner\">\n<p><a href=\"http:\/\/demo.logistic-business.cmsmasters.net\/wp-content\/uploads\/sites\/2\/2015\/07\/Fotolia_74548514_L2.jpg\"><img loading=\"lazy\" decoding=\"async\" class=\"size-full wp-image-4973 alignleft\" src=\"https:\/\/swiftglobalservices-drc.com\/wp-content\/uploads\/2022\/11\/securite-numerisee-photo.jpg\" alt=\"Fotolia_74548514_L\" width=\"580\" height=\"400\" \/><\/a><\/p>\n<p>Nos sp\u00e9cialistes seront l\u00e0 pour des analyses pragmatiques de vos besoins en termes de s\u00e9curit\u00e9 pour vous donner des solutions de surveillance adapt\u00e9es, ils pourront par exemple vous orienter par rapport aux \u00e9quipements comme la camera, l\u2019alarme, le d\u00e9tecteur de mouvement, la serrure-alarme, le scanneur pour les offres et les diff\u00e9rentes prestations qu\u2019ils satisfont.<\/p>\n \n<ul id=\"cmsmasters_icon_list_items_69fb3d7024192\" class=\"cmsmasters_icon_list_items cmsmasters_icon_list_type_list cmsmasters_icon_list_pos_left cmsmasters_color_type_border\"><li id=\"cmsmasters_icon_list_item_69fb3d70241d5\" class=\"cmsmasters_icon_list_item cmsmasters-icon-check-4\"> <strong>NOS DIFFERENTES VALEURS<\/strong><\/li><li id=\"cmsmasters_icon_list_item_69fb3d70241f5\" class=\"cmsmasters_icon_list_item cmsmasters-icon-check-1\"> Respect<\/li><li id=\"cmsmasters_icon_list_item_69fb3d7024210\" class=\"cmsmasters_icon_list_item cmsmasters-icon-check-1\">Priorit\u00e9 \u00e0 la client\u00e8le<\/li><li id=\"cmsmasters_icon_list_item_69fb3d7024229\" class=\"cmsmasters_icon_list_item cmsmasters-icon-check-1\"> Responsabilit\u00e9 finani\u00e8re<\/li><li id=\"cmsmasters_icon_list_item_69fb3d7024242\" class=\"cmsmasters_icon_list_item cmsmasters-icon-check-1\"> Equilibre<\/li><li id=\"cmsmasters_icon_list_item_69fb3d702425a\" class=\"cmsmasters_icon_list_item cmsmasters-icon-check-1\">Ecoute<\/li><\/ul>\n<\/div>\n<\/div><\/div>\n<\/div>\n<\/div>\n<\/div>\n<\/div>\n<\/div>\n<\/div>\n<\/div>\n<div id=\"cmsmasters_row_69fb3d70243c1\" class=\"cmsmasters_row cmsmasters_color_scheme_default cmsmasters_row_top_default cmsmasters_row_bot_default cmsmasters_row_fullwidth\">\n<div class=\"cmsmasters_row_outer_parent\">\n<div class=\"cmsmasters_row_outer\">\n<div class=\"cmsmasters_row_inner cmsmasters_row_fullwidth\">\n<div class=\"cmsmasters_row_margin\">\n<div class=\"cmsmasters_column one_first\">\n\n<div id=\"cmsmasters_divider_69fb3d70245c4\" class=\"cmsmasters_divider cmsmasters_divider_width_long cmsmasters_divider_pos_center\"><\/div>\n<\/div>\n<\/div>\n<\/div>\n<\/div>\n<\/div>\n<\/div>\n\n<div id=\"cmsmasters_row_69fb3d7024606\" class=\"cmsmasters_row cmsmasters_color_scheme_default cmsmasters_row_top_default cmsmasters_row_bot_default cmsmasters_row_boxed\">\n<div class=\"cmsmasters_row_outer_parent\">\n<div class=\"cmsmasters_row_outer\">\n<div class=\"cmsmasters_row_inner\">\n<div class=\"cmsmasters_row_margin\">\n<div class=\"cmsmasters_column one_first\">\n\n<div id=\"cmsmasters_heading_69fb3d70247d3\" class=\"cmsmasters_heading_wrap cmsmasters_heading_align_center\">\n\t<h2 class=\"cmsmasters_heading\">Nos Statistiques<\/h2>\n<\/div> \n<div class=\"cmsmasters_stats stats_mode_circles stats_type_horizontal\"><div class=\"cmsmasters_stat_wrap one_fourth\">\n<div id=\"cmsmasters_stat_69fb3d702497a\" class=\"cmsmasters_stat\" data-percent=\"36.5\">\n<div class=\"cmsmasters_stat_inner\">\n<span class=\"cmsmasters_stat_counter_wrap\">\n<span class=\"cmsmasters_stat_counter\">73<\/span><span class=\"cmsmasters_stat_units\">%<\/span>\n<\/span>\n<\/div>\n<\/div>\n<span class=\"cmsmasters_stat_title\">SITES PROTEGES<\/span>\n<span class=\"cmsmasters_stat_subtitle\">Mieux, plus vite, plus intelligemment<\/span>\n<\/div><div class=\"cmsmasters_stat_wrap one_fourth\">\n<div id=\"cmsmasters_stat_69fb3d70249ed\" class=\"cmsmasters_stat\" data-percent=\"50\" data-bar-color=\"#f6c25d\">\n<div class=\"cmsmasters_stat_inner\">\n<span class=\"cmsmasters_stat_counter_wrap\">\n<span class=\"cmsmasters_stat_counter\">100<\/span><span class=\"cmsmasters_stat_units\">%<\/span>\n<\/span>\n<\/div>\n<\/div>\n<span class=\"cmsmasters_stat_title\">GARDIENS<\/span>\n<span class=\"cmsmasters_stat_subtitle\">Mieux, plus vite, plus intelligemment<\/span>\n<\/div><div class=\"cmsmasters_stat_wrap one_fourth\">\n<div id=\"cmsmasters_stat_69fb3d7024a4c\" class=\"cmsmasters_stat\" data-percent=\"37.5\" data-bar-color=\"#fe5969\">\n<div class=\"cmsmasters_stat_inner\">\n<span class=\"cmsmasters_stat_counter_wrap\">\n<span class=\"cmsmasters_stat_counter\">75<\/span><span class=\"cmsmasters_stat_units\">%<\/span>\n<\/span>\n<\/div>\n<\/div>\n<span class=\"cmsmasters_stat_title\">PROJETS<\/span>\n<span class=\"cmsmasters_stat_subtitle\">Mieux, plus vite, plus intelligemment <\/span>\n<\/div><div class=\"cmsmasters_stat_wrap one_fourth\">\n<div id=\"cmsmasters_stat_69fb3d7024aa9\" class=\"cmsmasters_stat\" data-percent=\"48.5\" data-bar-color=\"#17a5d4\">\n<div class=\"cmsmasters_stat_inner\">\n<span class=\"cmsmasters_stat_counter_wrap\">\n<span class=\"cmsmasters_stat_counter\">97<\/span><span class=\"cmsmasters_stat_units\">%<\/span>\n<\/span>\n<\/div>\n<\/div>\n<span class=\"cmsmasters_stat_title\">REALISATION<\/span>\n<span class=\"cmsmasters_stat_subtitle\">Mieux, plus vite, plus intelligemment<\/span>\n<\/div><\/div>\n<\/div>\n<\/div>\n<\/div>\n<\/div>\n<\/div>\n<\/div>\n\n","protected":false},"excerpt":{"rendered":"Gardiennage Garde Rapproch\u00e9e Anti incendie Agents cynophile Securit\u00e9 Numeris\u00e9e Nous sommes dans un environnement o\u00f9 l\u2019ins\u00e9curit\u00e9 bat son record, SWIFT a beau s\u2019\u00e9vertuer pour r\u00e9duire tant soit peu la teneur li\u00e9e \u00e0 cette situation d\u2019ins\u00e9curit\u00e9 en mettant \u00e0 la disposition de population congolaise et aux organismes internationaux des gardiens biens form\u00e9 avec des mat\u00e9riels ad-hoc....","protected":false},"author":1,"featured_media":0,"parent":0,"menu_order":0,"comment_status":"closed","ping_status":"open","template":"","meta":{"footnotes":""},"class_list":["post-1481","page","type-page","status-publish","hentry"],"yoast_head":"<!-- This site is optimized with the Yoast SEO plugin v19.10 - https:\/\/yoast.com\/wordpress\/plugins\/seo\/ -->\n<title>Securite Gardiennage - Swift Global Service<\/title>\n<meta name=\"robots\" content=\"index, follow, max-snippet:-1, max-image-preview:large, max-video-preview:-1\" \/>\n<link rel=\"canonical\" href=\"https:\/\/swiftglobalservices-drc.com\/index.php\/securite-gardiennage\/\" \/>\n<meta property=\"og:locale\" content=\"fr_FR\" \/>\n<meta property=\"og:type\" content=\"article\" \/>\n<meta property=\"og:title\" content=\"Securite Gardiennage - Swift Global Service\" \/>\n<meta property=\"og:url\" content=\"https:\/\/swiftglobalservices-drc.com\/index.php\/securite-gardiennage\/\" \/>\n<meta property=\"og:site_name\" content=\"Swift Global Service\" \/>\n<meta property=\"article:modified_time\" content=\"2022-12-08T10:00:13+00:00\" \/>\n<meta property=\"og:image\" content=\"https:\/\/swiftglobalservices-drc.com\/wp-content\/uploads\/2022\/11\/security-guard-photo-1.jpg\" \/>\n<meta name=\"twitter:card\" content=\"summary_large_image\" \/>\n<meta name=\"twitter:label1\" content=\"Dur\u00e9e de lecture estim\u00e9e\" \/>\n\t<meta name=\"twitter:data1\" content=\"5 minutes\" \/>\n<script type=\"application\/ld+json\" class=\"yoast-schema-graph\">{\"@context\":\"https:\/\/schema.org\",\"@graph\":[{\"@type\":\"WebPage\",\"@id\":\"https:\/\/swiftglobalservices-drc.com\/index.php\/securite-gardiennage\/\",\"url\":\"https:\/\/swiftglobalservices-drc.com\/index.php\/securite-gardiennage\/\",\"name\":\"Securite Gardiennage - Swift Global Service\",\"isPartOf\":{\"@id\":\"https:\/\/swiftglobalservices-drc.com\/#website\"},\"datePublished\":\"2015-07-31T08:14:19+00:00\",\"dateModified\":\"2022-12-08T10:00:13+00:00\",\"inLanguage\":\"fr-FR\",\"potentialAction\":[{\"@type\":\"ReadAction\",\"target\":[\"https:\/\/swiftglobalservices-drc.com\/index.php\/securite-gardiennage\/\"]}]},{\"@type\":\"WebSite\",\"@id\":\"https:\/\/swiftglobalservices-drc.com\/#website\",\"url\":\"https:\/\/swiftglobalservices-drc.com\/\",\"name\":\"Swift Global Service\",\"description\":\"Better-Faster-Smarter\",\"potentialAction\":[{\"@type\":\"SearchAction\",\"target\":{\"@type\":\"EntryPoint\",\"urlTemplate\":\"https:\/\/swiftglobalservices-drc.com\/?s={search_term_string}\"},\"query-input\":\"required name=search_term_string\"}],\"inLanguage\":\"fr-FR\"}]}<\/script>\n<!-- \/ Yoast SEO plugin. -->","yoast_head_json":{"title":"Securite Gardiennage - Swift Global Service","robots":{"index":"index","follow":"follow","max-snippet":"max-snippet:-1","max-image-preview":"max-image-preview:large","max-video-preview":"max-video-preview:-1"},"canonical":"https:\/\/swiftglobalservices-drc.com\/index.php\/securite-gardiennage\/","og_locale":"fr_FR","og_type":"article","og_title":"Securite Gardiennage - Swift Global Service","og_url":"https:\/\/swiftglobalservices-drc.com\/index.php\/securite-gardiennage\/","og_site_name":"Swift Global Service","article_modified_time":"2022-12-08T10:00:13+00:00","og_image":[{"url":"https:\/\/swiftglobalservices-drc.com\/wp-content\/uploads\/2022\/11\/security-guard-photo-1.jpg"}],"twitter_card":"summary_large_image","twitter_misc":{"Dur\u00e9e de lecture estim\u00e9e":"5 minutes"},"schema":{"@context":"https:\/\/schema.org","@graph":[{"@type":"WebPage","@id":"https:\/\/swiftglobalservices-drc.com\/index.php\/securite-gardiennage\/","url":"https:\/\/swiftglobalservices-drc.com\/index.php\/securite-gardiennage\/","name":"Securite Gardiennage - Swift Global Service","isPartOf":{"@id":"https:\/\/swiftglobalservices-drc.com\/#website"},"datePublished":"2015-07-31T08:14:19+00:00","dateModified":"2022-12-08T10:00:13+00:00","inLanguage":"fr-FR","potentialAction":[{"@type":"ReadAction","target":["https:\/\/swiftglobalservices-drc.com\/index.php\/securite-gardiennage\/"]}]},{"@type":"WebSite","@id":"https:\/\/swiftglobalservices-drc.com\/#website","url":"https:\/\/swiftglobalservices-drc.com\/","name":"Swift Global Service","description":"Better-Faster-Smarter","potentialAction":[{"@type":"SearchAction","target":{"@type":"EntryPoint","urlTemplate":"https:\/\/swiftglobalservices-drc.com\/?s={search_term_string}"},"query-input":"required name=search_term_string"}],"inLanguage":"fr-FR"}]}},"_links":{"self":[{"href":"https:\/\/swiftglobalservices-drc.com\/index.php\/wp-json\/wp\/v2\/pages\/1481","targetHints":{"allow":["GET"]}}],"collection":[{"href":"https:\/\/swiftglobalservices-drc.com\/index.php\/wp-json\/wp\/v2\/pages"}],"about":[{"href":"https:\/\/swiftglobalservices-drc.com\/index.php\/wp-json\/wp\/v2\/types\/page"}],"author":[{"embeddable":true,"href":"https:\/\/swiftglobalservices-drc.com\/index.php\/wp-json\/wp\/v2\/users\/1"}],"replies":[{"embeddable":true,"href":"https:\/\/swiftglobalservices-drc.com\/index.php\/wp-json\/wp\/v2\/comments?post=1481"}],"version-history":[{"count":21,"href":"https:\/\/swiftglobalservices-drc.com\/index.php\/wp-json\/wp\/v2\/pages\/1481\/revisions"}],"predecessor-version":[{"id":8119,"href":"https:\/\/swiftglobalservices-drc.com\/index.php\/wp-json\/wp\/v2\/pages\/1481\/revisions\/8119"}],"wp:attachment":[{"href":"https:\/\/swiftglobalservices-drc.com\/index.php\/wp-json\/wp\/v2\/media?parent=1481"}],"curies":[{"name":"wp","href":"https:\/\/api.w.org\/{rel}","templated":true}]}}