{"id":1562,"date":"2015-08-03T13:47:57","date_gmt":"2015-08-03T13:47:57","guid":{"rendered":"http:\/\/medicine-plus.cmsmasters.net\/?page_id=1562"},"modified":"2015-08-03T13:47:57","modified_gmt":"2015-08-03T13:47:57","slug":"standard-blog","status":"publish","type":"page","link":"https:\/\/swiftglobalservices-drc.com\/index.php\/standard-blog\/","title":{"rendered":"Standard Blog"},"content":{"rendered":"<style type=\"text\/css\"> \n#cmsmasters_row_69f3b85d2a185 .cmsmasters_row_outer_parent { \n\tpadding-top: 0px; \n} \n\n#cmsmasters_row_69f3b85d2a185 .cmsmasters_row_outer_parent { \n\tpadding-bottom: 50px; \n} \n\n<\/style><div id=\"cmsmasters_row_69f3b85d2a185\" class=\"cmsmasters_row cmsmasters_color_scheme_default cmsmasters_row_top_default cmsmasters_row_bot_default cmsmasters_row_boxed\">\n<div class=\"cmsmasters_row_outer_parent\">\n<div class=\"cmsmasters_row_outer\">\n<div class=\"cmsmasters_row_inner\">\n<div class=\"cmsmasters_row_margin\">\n<div class=\"cmsmasters_column one_first\">\n<div class=\"cmsmasters_wrap_blog entry-summary\" id=\"blog_69f3b85d2a446\"><script type=\"text\/javascript\">\njQuery(document).ready(function () {\n(function ($) {\n\tif ($('#blog_69f3b85d2a446').find('article').length == '0') {\n\t\treturn false;\n\t}\n\t\n\t\n\tstartBlog( \n\t\t'69f3b85d2a446', \n\t\t'standard', \n\t\t'', \n\t\t'https:\/\/swiftglobalservices-drc.com\/wp-content\/plugins\/cmsmasters-content-composer\/', \n\t\t'date', \n\t\t'DESC', \n\t\t'8', \n\t\t'advices,cargo,delivery-service,freight,logistic,news,storage', \n\t\t'date,categories,author,comments,likes,more' \n\t);\n} )(jQuery);\n} );\n<\/script>\n<div class=\"blog standard\">\n<!--_________________________ Start Standard Article _________________________ -->\n\n<article id=\"post-8203\" class=\"cmsmasters_default_type post-8203 post type-post status-publish format-standard has-post-thumbnail hentry category-developpement category-news category-protocole tag-kalemie tag-salonvip\">\n\t<span class=\"cmsmasters_post_date\"><abbr class=\"published\" title=\"18 novembre 2023\"><span class=\"cmsmasters_day\">18<\/span><span class=\"cmsmasters_mon\">Nov<\/span><\/abbr><abbr class=\"dn date updated\" title=\"18 novembre 2023\">18 novembre 2023<\/abbr><\/span>\t<div class=\"cmsmasters_post_cont\">\n\t<figure class=\"cmsmasters_img_wrap\"><a href=\"https:\/\/swiftglobalservices-drc.com\/index.php\/2023\/11\/18\/ouverture-salon-vip-aeroport-de-kalemie\/\" title=\"Ouverture Salon VIP &#8211; A\u00e9roport de Kalemie\" class=\"cmsmasters_img_link\"><img loading=\"lazy\" decoding=\"async\" width=\"640\" height=\"368\" src=\"https:\/\/swiftglobalservices-drc.com\/wp-content\/uploads\/2023\/11\/vlcsnap-2023-11-18-16h06m54s190.png\" class=\" wp-post-image\" alt=\"Ouverture Salon VIP &#8211; A\u00e9roport de Kalemie\" title=\"Ouverture Salon VIP &#8211; A\u00e9roport de Kalemie\" srcset=\"https:\/\/swiftglobalservices-drc.com\/wp-content\/uploads\/2023\/11\/vlcsnap-2023-11-18-16h06m54s190.png 640w, https:\/\/swiftglobalservices-drc.com\/wp-content\/uploads\/2023\/11\/vlcsnap-2023-11-18-16h06m54s190-300x173.png 300w, https:\/\/swiftglobalservices-drc.com\/wp-content\/uploads\/2023\/11\/vlcsnap-2023-11-18-16h06m54s190-580x334.png 580w, https:\/\/swiftglobalservices-drc.com\/wp-content\/uploads\/2023\/11\/vlcsnap-2023-11-18-16h06m54s190-320x184.png 320w, https:\/\/swiftglobalservices-drc.com\/wp-content\/uploads\/2023\/11\/vlcsnap-2023-11-18-16h06m54s190-480x276.png 480w\" sizes=\"auto, (max-width: 640px) 100vw, 640px\" \/><\/a><\/figure><header class=\"cmsmasters_post_header entry-header\"><h2 class=\"cmsmasters_post_title entry-title\"><a href=\"https:\/\/swiftglobalservices-drc.com\/index.php\/2023\/11\/18\/ouverture-salon-vip-aeroport-de-kalemie\/\">Ouverture Salon VIP &#8211; A\u00e9roport de Kalemie<\/a><\/h2><\/header><div class=\"cmsmasters_post_content entry-content\">\n<p>En image le salon VIP de swift Global service qui ouvre les portes \u00e0 l\u2019a\u00e9roport\u00a0de\u00a0Kalemie. Attendez votre voyage dans des bonnes mains dans notre salon VIP ouvert maintenant \u00e0 l&rsquo;a\u00e9roport de Kalemie<\/p>\n<\/div>\n<footer class=\"cmsmasters_post_footer entry-meta\"><a class=\"cmsmasters_post_read_more\" href=\"https:\/\/swiftglobalservices-drc.com\/index.php\/2023\/11\/18\/ouverture-salon-vip-aeroport-de-kalemie\/\">Read More<\/a><\/footer><div class=\"cmsmasters_post_cont_info entry-meta\"><div class=\"cmsmasters_post_meta_info\"><a class=\"cmsmasters_post_comments cmsmasters_theme_icon_comment\" href=\"https:\/\/swiftglobalservices-drc.com\/index.php\/2023\/11\/18\/ouverture-salon-vip-aeroport-de-kalemie\/#comments\" title=\"Comment on Ouverture Salon VIP &#8211; A\u00e9roport de Kalemie\"><span>1<\/span><\/a><a href=\"#\" onclick=\"cmsmastersLike(8203); return false;\" id=\"cmsmastersLike-8203\" class=\"cmsmastersLike cmsmasters_theme_icon_like\"><span>2<\/span><\/a><\/div><span class=\"cmsmasters_post_user_name\">by <a href=\"https:\/\/swiftglobalservices-drc.com\/index.php\/author\/swiftglob\/\" title=\"Posts by SwiftGlob\" class=\"vcard author\"><span class=\"fn\" rel=\"author\">SwiftGlob<\/span><\/a><\/span><span class=\"cmsmasters_post_category\">in <a href=\"https:\/\/swiftglobalservices-drc.com\/index.php\/category\/developpement\/\" class=\"cmsmasters_cat_color cmsmasters_cat_3\" rel=\"category tag\">D\u00e9veloppement<\/a>, <a href=\"https:\/\/swiftglobalservices-drc.com\/index.php\/category\/news\/\" class=\"cmsmasters_cat_color cmsmasters_cat_7\" rel=\"category tag\">News<\/a>, <a href=\"https:\/\/swiftglobalservices-drc.com\/index.php\/category\/protocole\/\" class=\"cmsmasters_cat_color cmsmasters_cat_8\" rel=\"category tag\">Protocole<\/a><\/span><\/div>\t<\/div>\n<\/article>\n<!--_________________________ Finish Standard Article _________________________ -->\n\n\n<!--_________________________ Start Standard Article _________________________ -->\n\n<article id=\"post-8186\" class=\"cmsmasters_default_type post-8186 post type-post status-publish format-standard has-post-thumbnail hentry category-developpement category-news tag-certificat-de-participation tag-sowers-of-new-hope\">\n\t<span class=\"cmsmasters_post_date\"><abbr class=\"published\" title=\"9 octobre 2023\"><span class=\"cmsmasters_day\">9<\/span><span class=\"cmsmasters_mon\">Oct<\/span><\/abbr><abbr class=\"dn date updated\" title=\"9 octobre 2023\">9 octobre 2023<\/abbr><\/span>\t<div class=\"cmsmasters_post_cont\">\n\t<figure class=\"cmsmasters_img_wrap\"><a href=\"https:\/\/swiftglobalservices-drc.com\/index.php\/2023\/10\/09\/certificat-de-participation-entrepreunariat-feminin\/\" title=\"Certificat de participation &#8211; Entrepreunariat F\u00e9minin\" class=\"cmsmasters_img_link\"><img loading=\"lazy\" decoding=\"async\" width=\"860\" height=\"500\" src=\"https:\/\/swiftglobalservices-drc.com\/wp-content\/uploads\/2023\/10\/CERTIFICAT-DE-PARTICIPATION-WEPs-AWARD-2023-Swift-860x500.jpg\" class=\" wp-post-image\" alt=\"Certificat de participation &#8211; Entrepreunariat F\u00e9minin\" title=\"Certificat de participation &#8211; Entrepreunariat F\u00e9minin\" \/><\/a><\/figure><header class=\"cmsmasters_post_header entry-header\"><h2 class=\"cmsmasters_post_title entry-title\"><a href=\"https:\/\/swiftglobalservices-drc.com\/index.php\/2023\/10\/09\/certificat-de-participation-entrepreunariat-feminin\/\">Certificat de participation &#8211; Entrepreunariat F\u00e9minin<\/a><\/h2><\/header><div class=\"cmsmasters_post_content entry-content\">\n<p>Certificat de participation - SOWERS OF NEW HOPEUn certificat de participation pour le forum d\u2019exposition pour la promotion de l'entrepreneuriat f\u00e9minin organis\u00e9 par ONU Femme \u00e0 l'h\u00f4tel Serena dans la ville de Goma. Avec comme th\u00e8me, SOWERS&nbsp;OF&nbsp;NEW&nbsp;HOPE.<\/p>\n<\/div>\n<footer class=\"cmsmasters_post_footer entry-meta\"><a class=\"cmsmasters_post_read_more\" href=\"https:\/\/swiftglobalservices-drc.com\/index.php\/2023\/10\/09\/certificat-de-participation-entrepreunariat-feminin\/\">Read More<\/a><\/footer><div class=\"cmsmasters_post_cont_info entry-meta\"><div class=\"cmsmasters_post_meta_info\"><a class=\"cmsmasters_post_comments cmsmasters_theme_icon_comment\" href=\"https:\/\/swiftglobalservices-drc.com\/index.php\/2023\/10\/09\/certificat-de-participation-entrepreunariat-feminin\/#respond\" title=\"Comment on Certificat de participation &#8211; Entrepreunariat F\u00e9minin\"><span>0<\/span><\/a><a href=\"#\" onclick=\"cmsmastersLike(8186); return false;\" id=\"cmsmastersLike-8186\" class=\"cmsmastersLike cmsmasters_theme_icon_like\"><span>0<\/span><\/a><\/div><span class=\"cmsmasters_post_user_name\">by <a href=\"https:\/\/swiftglobalservices-drc.com\/index.php\/author\/swiftglob\/\" title=\"Posts by SwiftGlob\" class=\"vcard author\"><span class=\"fn\" rel=\"author\">SwiftGlob<\/span><\/a><\/span><span class=\"cmsmasters_post_category\">in <a href=\"https:\/\/swiftglobalservices-drc.com\/index.php\/category\/developpement\/\" class=\"cmsmasters_cat_color cmsmasters_cat_3\" rel=\"category tag\">D\u00e9veloppement<\/a>, <a href=\"https:\/\/swiftglobalservices-drc.com\/index.php\/category\/news\/\" class=\"cmsmasters_cat_color cmsmasters_cat_7\" rel=\"category tag\">News<\/a><\/span><\/div>\t<\/div>\n<\/article>\n<!--_________________________ Finish Standard Article _________________________ -->\n\n\n<!--_________________________ Start Standard Article _________________________ -->\n\n<article id=\"post-8179\" class=\"cmsmasters_default_type post-8179 post type-post status-publish format-standard has-post-thumbnail hentry category-developpement category-news category-protocole tag-kalemie tag-salonvip tag-swiftglobalservices\">\n\t<span class=\"cmsmasters_post_date\"><abbr class=\"published\" title=\"9 octobre 2023\"><span class=\"cmsmasters_day\">9<\/span><span class=\"cmsmasters_mon\">Oct<\/span><\/abbr><abbr class=\"dn date updated\" title=\"9 octobre 2023\">9 octobre 2023<\/abbr><\/span>\t<div class=\"cmsmasters_post_cont\">\n\t<figure class=\"cmsmasters_img_wrap\"><a href=\"https:\/\/swiftglobalservices-drc.com\/index.php\/2023\/10\/09\/chantier-salon-vip-aeroport-de-kahinda-kalemie\/\" title=\"Chantier Salon VIP A\u00e9roport de Kahinda &#8211; Kalemie\" class=\"cmsmasters_img_link\"><img loading=\"lazy\" decoding=\"async\" width=\"628\" height=\"380\" src=\"https:\/\/swiftglobalservices-drc.com\/wp-content\/uploads\/2023\/10\/Chantier-salon-VIP-Kahinda.png\" class=\" wp-post-image\" alt=\"Chantier Salon VIP A\u00e9roport de Kahinda &#8211; Kalemie\" title=\"Chantier Salon VIP A\u00e9roport de Kahinda &#8211; Kalemie\" srcset=\"https:\/\/swiftglobalservices-drc.com\/wp-content\/uploads\/2023\/10\/Chantier-salon-VIP-Kahinda.png 628w, https:\/\/swiftglobalservices-drc.com\/wp-content\/uploads\/2023\/10\/Chantier-salon-VIP-Kahinda-300x182.png 300w, https:\/\/swiftglobalservices-drc.com\/wp-content\/uploads\/2023\/10\/Chantier-salon-VIP-Kahinda-580x351.png 580w, https:\/\/swiftglobalservices-drc.com\/wp-content\/uploads\/2023\/10\/Chantier-salon-VIP-Kahinda-320x194.png 320w, https:\/\/swiftglobalservices-drc.com\/wp-content\/uploads\/2023\/10\/Chantier-salon-VIP-Kahinda-480x290.png 480w\" sizes=\"auto, (max-width: 628px) 100vw, 628px\" \/><\/a><\/figure><header class=\"cmsmasters_post_header entry-header\"><h2 class=\"cmsmasters_post_title entry-title\"><a href=\"https:\/\/swiftglobalservices-drc.com\/index.php\/2023\/10\/09\/chantier-salon-vip-aeroport-de-kahinda-kalemie\/\">Chantier Salon VIP A\u00e9roport de Kahinda &#8211; Kalemie<\/a><\/h2><\/header><div class=\"cmsmasters_post_content entry-content\">\n<p>En cours, la construction d\u2019un salon VIP \u00e0 l\u2019a\u00e9roport de Kahinda, \u00e0 Kalemie dans le Tanganyika\/RDC\u2026<\/p>\n<\/div>\n<footer class=\"cmsmasters_post_footer entry-meta\"><a class=\"cmsmasters_post_read_more\" href=\"https:\/\/swiftglobalservices-drc.com\/index.php\/2023\/10\/09\/chantier-salon-vip-aeroport-de-kahinda-kalemie\/\">Continue reading<\/a><\/footer><div class=\"cmsmasters_post_cont_info entry-meta\"><div class=\"cmsmasters_post_meta_info\"><a class=\"cmsmasters_post_comments cmsmasters_theme_icon_comment\" href=\"https:\/\/swiftglobalservices-drc.com\/index.php\/2023\/10\/09\/chantier-salon-vip-aeroport-de-kahinda-kalemie\/#respond\" title=\"Comment on Chantier Salon VIP A\u00e9roport de Kahinda &#8211; Kalemie\"><span>0<\/span><\/a><a href=\"#\" onclick=\"cmsmastersLike(8179); return false;\" id=\"cmsmastersLike-8179\" class=\"cmsmastersLike cmsmasters_theme_icon_like\"><span>1<\/span><\/a><\/div><span class=\"cmsmasters_post_user_name\">by <a href=\"https:\/\/swiftglobalservices-drc.com\/index.php\/author\/swiftglob\/\" title=\"Posts by SwiftGlob\" class=\"vcard author\"><span class=\"fn\" rel=\"author\">SwiftGlob<\/span><\/a><\/span><span class=\"cmsmasters_post_category\">in <a href=\"https:\/\/swiftglobalservices-drc.com\/index.php\/category\/developpement\/\" class=\"cmsmasters_cat_color cmsmasters_cat_3\" rel=\"category tag\">D\u00e9veloppement<\/a>, <a href=\"https:\/\/swiftglobalservices-drc.com\/index.php\/category\/news\/\" class=\"cmsmasters_cat_color cmsmasters_cat_7\" rel=\"category tag\">News<\/a>, <a href=\"https:\/\/swiftglobalservices-drc.com\/index.php\/category\/protocole\/\" class=\"cmsmasters_cat_color cmsmasters_cat_8\" rel=\"category tag\">Protocole<\/a><\/span><\/div>\t<\/div>\n<\/article>\n<!--_________________________ Finish Standard Article _________________________ -->\n\n\n<!--_________________________ Start Image Article _________________________ -->\n\n<article id=\"post-341\" class=\"cmsmasters_default_type post-341 post type-post status-publish format-image has-post-thumbnail hentry category-news category-securite post_format-post-format-image\">\n\t<span class=\"cmsmasters_post_date\"><abbr class=\"published\" title=\"15 mars 2016\"><span class=\"cmsmasters_day\">15<\/span><span class=\"cmsmasters_mon\">Mar<\/span><\/abbr><abbr class=\"dn date updated\" title=\"8 d\u00e9cembre 2022\">8 d\u00e9cembre 2022<\/abbr><\/span>\t<div class=\"cmsmasters_post_cont\">\n\t\t<figure class=\"cmsmasters_img_wrap\"><a href=\"https:\/\/swiftglobalservices-drc.com\/wp-content\/uploads\/2022\/12\/PortFolio11.jpg\" title=\"SGS au Sud Kivu\" rel=\"ilightbox[img_341_69f3b85d4a5ee]\" class=\"cmsmasters_img_link\"><img loading=\"lazy\" decoding=\"async\" width=\"860\" height=\"573\" src=\"https:\/\/swiftglobalservices-drc.com\/wp-content\/uploads\/2022\/12\/PortFolio11-860x573.jpg\" class=\" wp-post-image\" alt=\"SGS au Sud Kivu\" title=\"SGS au Sud Kivu\" srcset=\"https:\/\/swiftglobalservices-drc.com\/wp-content\/uploads\/2022\/12\/PortFolio11-860x573.jpg 860w, https:\/\/swiftglobalservices-drc.com\/wp-content\/uploads\/2022\/12\/PortFolio11-300x200.jpg 300w, https:\/\/swiftglobalservices-drc.com\/wp-content\/uploads\/2022\/12\/PortFolio11-768x512.jpg 768w, https:\/\/swiftglobalservices-drc.com\/wp-content\/uploads\/2022\/12\/PortFolio11-580x387.jpg 580w, https:\/\/swiftglobalservices-drc.com\/wp-content\/uploads\/2022\/12\/PortFolio11-320x213.jpg 320w, https:\/\/swiftglobalservices-drc.com\/wp-content\/uploads\/2022\/12\/PortFolio11-480x320.jpg 480w, https:\/\/swiftglobalservices-drc.com\/wp-content\/uploads\/2022\/12\/PortFolio11-800x533.jpg 800w, https:\/\/swiftglobalservices-drc.com\/wp-content\/uploads\/2022\/12\/PortFolio11.jpg 900w\" sizes=\"auto, (max-width: 860px) 100vw, 860px\" \/><\/a><\/figure><header class=\"cmsmasters_post_header entry-header\"><h2 class=\"cmsmasters_post_title entry-title\"><a href=\"https:\/\/swiftglobalservices-drc.com\/index.php\/2016\/03\/15\/top-benefits-of-hiring-our-trucking-service\/\">SGS au Sud Kivu<\/a><\/h2><\/header><div class=\"cmsmasters_post_content entry-content\">\n<p>Nam libero tempore, cum soluta nobis est eligendi optio cumque nihil impedit quo minus id quod maxime placeat facere possimus, omnis voluptas assumenda est, omnis dolor repellendus. Temporibus autem quibusdam et aut officiis debitis aut rerum necessitatibus saepe eveniet ut et voluptates repudiandae sint et molestiae non recusandae. Itaque earum...<\/p>\n<\/div>\n<footer class=\"cmsmasters_post_footer entry-meta\"><a class=\"cmsmasters_post_read_more\" href=\"https:\/\/swiftglobalservices-drc.com\/index.php\/2016\/03\/15\/top-benefits-of-hiring-our-trucking-service\/\">Read More<\/a><\/footer><div class=\"cmsmasters_post_cont_info entry-meta\"><div class=\"cmsmasters_post_meta_info\"><a class=\"cmsmasters_post_comments cmsmasters_theme_icon_comment\" href=\"https:\/\/swiftglobalservices-drc.com\/index.php\/2016\/03\/15\/top-benefits-of-hiring-our-trucking-service\/#respond\" title=\"Comment on SGS au Sud Kivu\"><span>0<\/span><\/a><a href=\"#\" onclick=\"cmsmastersLike(341); return false;\" id=\"cmsmastersLike-341\" class=\"cmsmastersLike cmsmasters_theme_icon_like\"><span>6<\/span><\/a><\/div><span class=\"cmsmasters_post_user_name\">by <a href=\"https:\/\/swiftglobalservices-drc.com\/index.php\/author\/swiftglob\/\" title=\"Posts by SwiftGlob\" class=\"vcard author\"><span class=\"fn\" rel=\"author\">SwiftGlob<\/span><\/a><\/span><span class=\"cmsmasters_post_category\">in <a href=\"https:\/\/swiftglobalservices-drc.com\/index.php\/category\/news\/\" class=\"cmsmasters_cat_color cmsmasters_cat_7\" rel=\"category tag\">News<\/a>, <a href=\"https:\/\/swiftglobalservices-drc.com\/index.php\/category\/securite\/\" class=\"cmsmasters_cat_color cmsmasters_cat_2\" rel=\"category tag\">Securit\u00e9<\/a><\/span><\/div>\t<\/div>\n<\/article>\n<!--_________________________ Finish Image Article _________________________ -->\n\n\n<!--_________________________ Start Image Article _________________________ -->\n\n<article id=\"post-332\" class=\"cmsmasters_default_type post-332 post type-post status-publish format-image has-post-thumbnail hentry category-news post_format-post-format-image\">\n\t<span class=\"cmsmasters_post_date\"><abbr class=\"published\" title=\"11 mars 2016\"><span class=\"cmsmasters_day\">11<\/span><span class=\"cmsmasters_mon\">Mar<\/span><\/abbr><abbr class=\"dn date updated\" title=\"8 d\u00e9cembre 2022\">8 d\u00e9cembre 2022<\/abbr><\/span>\t<div class=\"cmsmasters_post_cont\">\n\t\t<figure class=\"cmsmasters_img_wrap\"><a href=\"https:\/\/swiftglobalservices-drc.com\/wp-content\/uploads\/2022\/11\/PortFolio2.jpg\" title=\"Seance formation des guardiens\" rel=\"ilightbox[img_332_69f3b85d4cae3]\" class=\"cmsmasters_img_link\"><img loading=\"lazy\" decoding=\"async\" width=\"860\" height=\"573\" src=\"https:\/\/swiftglobalservices-drc.com\/wp-content\/uploads\/2022\/11\/PortFolio2-860x573.jpg\" class=\" wp-post-image\" alt=\"Seance formation des guardiens\" title=\"Seance formation des guardiens\" srcset=\"https:\/\/swiftglobalservices-drc.com\/wp-content\/uploads\/2022\/11\/PortFolio2-860x573.jpg 860w, https:\/\/swiftglobalservices-drc.com\/wp-content\/uploads\/2022\/11\/PortFolio2-300x200.jpg 300w, https:\/\/swiftglobalservices-drc.com\/wp-content\/uploads\/2022\/11\/PortFolio2-768x512.jpg 768w, https:\/\/swiftglobalservices-drc.com\/wp-content\/uploads\/2022\/11\/PortFolio2-580x387.jpg 580w, https:\/\/swiftglobalservices-drc.com\/wp-content\/uploads\/2022\/11\/PortFolio2-320x213.jpg 320w, https:\/\/swiftglobalservices-drc.com\/wp-content\/uploads\/2022\/11\/PortFolio2-480x320.jpg 480w, https:\/\/swiftglobalservices-drc.com\/wp-content\/uploads\/2022\/11\/PortFolio2-800x533.jpg 800w, https:\/\/swiftglobalservices-drc.com\/wp-content\/uploads\/2022\/11\/PortFolio2.jpg 900w\" sizes=\"auto, (max-width: 860px) 100vw, 860px\" \/><\/a><\/figure><header class=\"cmsmasters_post_header entry-header\"><h2 class=\"cmsmasters_post_title entry-title\"><a href=\"https:\/\/swiftglobalservices-drc.com\/index.php\/2016\/03\/11\/network-and-lead-top-logistic-solutions\/\">Seance formation des guardiens<\/a><\/h2><\/header><div class=\"cmsmasters_post_content entry-content\">\n<p>Temporibus autem quibusdam et aut officiis debitis aut rerum necessitatibus saepe eveniet ut et voluptates repudiandae sint et molestiae non...<\/p>\n<\/div>\n<footer class=\"cmsmasters_post_footer entry-meta\"><a class=\"cmsmasters_post_read_more\" href=\"https:\/\/swiftglobalservices-drc.com\/index.php\/2016\/03\/11\/network-and-lead-top-logistic-solutions\/\">Read More<\/a><\/footer><div class=\"cmsmasters_post_cont_info entry-meta\"><div class=\"cmsmasters_post_meta_info\"><a class=\"cmsmasters_post_comments cmsmasters_theme_icon_comment\" href=\"https:\/\/swiftglobalservices-drc.com\/index.php\/2016\/03\/11\/network-and-lead-top-logistic-solutions\/#respond\" title=\"Comment on Seance formation des guardiens\"><span>0<\/span><\/a><a href=\"#\" onclick=\"cmsmastersLike(332); return false;\" id=\"cmsmastersLike-332\" class=\"cmsmastersLike cmsmasters_theme_icon_like\"><span>9<\/span><\/a><\/div><span class=\"cmsmasters_post_user_name\">by <a href=\"https:\/\/swiftglobalservices-drc.com\/index.php\/author\/swiftglob\/\" title=\"Posts by SwiftGlob\" class=\"vcard author\"><span class=\"fn\" rel=\"author\">SwiftGlob<\/span><\/a><\/span><span class=\"cmsmasters_post_category\">in <a href=\"https:\/\/swiftglobalservices-drc.com\/index.php\/category\/news\/\" class=\"cmsmasters_cat_color cmsmasters_cat_7\" rel=\"category tag\">News<\/a><\/span><\/div>\t<\/div>\n<\/article>\n<!--_________________________ Finish Image Article _________________________ -->\n\n<\/div><div class=\"cmsmasters_wrap_more_posts cmsmasters_wrap_more_items\"><\/div><\/div>\n<\/div>\n<\/div>\n<\/div>\n<\/div>\n<\/div>\n<\/div>\n\n","protected":false},"excerpt":{"rendered":"No one rejects, dislikes, or avoids pleasure itself, because it is pleasure, but because those who do not know how to pursue pleasure rationally encounter consequences that are extremely painful. To take a trivial example, which of us ever undertakes laborious physical exercise, except to obtain some advantage from it?...","protected":false},"author":1,"featured_media":0,"parent":0,"menu_order":0,"comment_status":"closed","ping_status":"open","template":"","meta":{"footnotes":""},"class_list":["post-1562","page","type-page","status-publish","hentry"],"yoast_head":"<!-- This site is optimized with the Yoast SEO plugin v19.10 - https:\/\/yoast.com\/wordpress\/plugins\/seo\/ -->\n<title>Standard Blog - Swift Global Service<\/title>\n<meta name=\"robots\" content=\"index, follow, max-snippet:-1, max-image-preview:large, max-video-preview:-1\" \/>\n<link rel=\"canonical\" href=\"https:\/\/swiftglobalservices-drc.com\/index.php\/standard-blog\/\" \/>\n<meta property=\"og:locale\" content=\"fr_FR\" \/>\n<meta property=\"og:type\" content=\"article\" \/>\n<meta property=\"og:title\" content=\"Standard Blog - Swift Global Service\" \/>\n<meta property=\"og:url\" content=\"https:\/\/swiftglobalservices-drc.com\/index.php\/standard-blog\/\" \/>\n<meta property=\"og:site_name\" content=\"Swift Global Service\" \/>\n<meta name=\"twitter:card\" content=\"summary_large_image\" \/>\n<script type=\"application\/ld+json\" class=\"yoast-schema-graph\">{\"@context\":\"https:\/\/schema.org\",\"@graph\":[{\"@type\":\"WebPage\",\"@id\":\"https:\/\/swiftglobalservices-drc.com\/index.php\/standard-blog\/\",\"url\":\"https:\/\/swiftglobalservices-drc.com\/index.php\/standard-blog\/\",\"name\":\"Standard Blog - Swift Global Service\",\"isPartOf\":{\"@id\":\"https:\/\/swiftglobalservices-drc.com\/#website\"},\"datePublished\":\"2015-08-03T13:47:57+00:00\",\"dateModified\":\"2015-08-03T13:47:57+00:00\",\"inLanguage\":\"fr-FR\",\"potentialAction\":[{\"@type\":\"ReadAction\",\"target\":[\"https:\/\/swiftglobalservices-drc.com\/index.php\/standard-blog\/\"]}]},{\"@type\":\"WebSite\",\"@id\":\"https:\/\/swiftglobalservices-drc.com\/#website\",\"url\":\"https:\/\/swiftglobalservices-drc.com\/\",\"name\":\"Swift Global Service\",\"description\":\"Better-Faster-Smarter\",\"potentialAction\":[{\"@type\":\"SearchAction\",\"target\":{\"@type\":\"EntryPoint\",\"urlTemplate\":\"https:\/\/swiftglobalservices-drc.com\/?s={search_term_string}\"},\"query-input\":\"required name=search_term_string\"}],\"inLanguage\":\"fr-FR\"}]}<\/script>\n<!-- \/ Yoast SEO plugin. -->","yoast_head_json":{"title":"Standard Blog - Swift Global Service","robots":{"index":"index","follow":"follow","max-snippet":"max-snippet:-1","max-image-preview":"max-image-preview:large","max-video-preview":"max-video-preview:-1"},"canonical":"https:\/\/swiftglobalservices-drc.com\/index.php\/standard-blog\/","og_locale":"fr_FR","og_type":"article","og_title":"Standard Blog - Swift Global Service","og_url":"https:\/\/swiftglobalservices-drc.com\/index.php\/standard-blog\/","og_site_name":"Swift Global Service","twitter_card":"summary_large_image","schema":{"@context":"https:\/\/schema.org","@graph":[{"@type":"WebPage","@id":"https:\/\/swiftglobalservices-drc.com\/index.php\/standard-blog\/","url":"https:\/\/swiftglobalservices-drc.com\/index.php\/standard-blog\/","name":"Standard Blog - Swift Global Service","isPartOf":{"@id":"https:\/\/swiftglobalservices-drc.com\/#website"},"datePublished":"2015-08-03T13:47:57+00:00","dateModified":"2015-08-03T13:47:57+00:00","inLanguage":"fr-FR","potentialAction":[{"@type":"ReadAction","target":["https:\/\/swiftglobalservices-drc.com\/index.php\/standard-blog\/"]}]},{"@type":"WebSite","@id":"https:\/\/swiftglobalservices-drc.com\/#website","url":"https:\/\/swiftglobalservices-drc.com\/","name":"Swift Global Service","description":"Better-Faster-Smarter","potentialAction":[{"@type":"SearchAction","target":{"@type":"EntryPoint","urlTemplate":"https:\/\/swiftglobalservices-drc.com\/?s={search_term_string}"},"query-input":"required name=search_term_string"}],"inLanguage":"fr-FR"}]}},"_links":{"self":[{"href":"https:\/\/swiftglobalservices-drc.com\/index.php\/wp-json\/wp\/v2\/pages\/1562","targetHints":{"allow":["GET"]}}],"collection":[{"href":"https:\/\/swiftglobalservices-drc.com\/index.php\/wp-json\/wp\/v2\/pages"}],"about":[{"href":"https:\/\/swiftglobalservices-drc.com\/index.php\/wp-json\/wp\/v2\/types\/page"}],"author":[{"embeddable":true,"href":"https:\/\/swiftglobalservices-drc.com\/index.php\/wp-json\/wp\/v2\/users\/1"}],"replies":[{"embeddable":true,"href":"https:\/\/swiftglobalservices-drc.com\/index.php\/wp-json\/wp\/v2\/comments?post=1562"}],"version-history":[{"count":0,"href":"https:\/\/swiftglobalservices-drc.com\/index.php\/wp-json\/wp\/v2\/pages\/1562\/revisions"}],"wp:attachment":[{"href":"https:\/\/swiftglobalservices-drc.com\/index.php\/wp-json\/wp\/v2\/media?parent=1562"}],"curies":[{"name":"wp","href":"https:\/\/api.w.org\/{rel}","templated":true}]}}