{"id":281,"date":"2015-07-09T08:43:13","date_gmt":"2015-07-09T08:43:13","guid":{"rendered":"http:\/\/medicine-plus.cmsmasters.net\/?page_id=281"},"modified":"2022-12-08T09:45:02","modified_gmt":"2022-12-08T08:45:02","slug":"portfolio","status":"publish","type":"page","link":"https:\/\/swiftglobalservices-drc.com\/index.php\/portfolio\/","title":{"rendered":"PortFolio"},"content":{"rendered":"<section class=\"wpb-content-wrapper\"><style type=\"text\/css\"><\/style><p>[vc_row gap=\u00a0\u00bb25&Prime; equal_height=\u00a0\u00bbyes\u00a0\u00bb css=\u00a0\u00bb.vc_custom_1476098174653{margin-bottom: 25px !important;}\u00a0\u00bb][vc_column width=\u00a0\u00bb1\/2&Prime; css=\u00a0\u00bb.vc_custom_1476098154825{padding-top: 100px !important;padding-right: 50px !important;padding-bottom: 100px !important;padding-left: 50px !important;background-color: #353f56 !important;}\u00a0\u00bb][vc_custom_heading text=\u00a0\u00bbSGS EN IMAGES\u00a0\u00bb font_container=\u00a0\u00bbtag:h1|font_size:40|text_align:center|color:%23ffffff\u00a0\u00bb use_theme_fonts=\u00a0\u00bbyes\u00a0\u00bb css=\u00a0\u00bb.vc_custom_1669351638044{padding-bottom: 10px !important;}\u00a0\u00bb][vc_column_text]<\/p>\n<p class=\"v1MsoListParagraphCxSpMiddle\" style=\"text-align: center;\"><span style=\"color: #ffffff;\"><b>\u00a0<\/b><b>NOTRE DEVISE<\/b><\/span><\/p>\n<p class=\"v1MsoListParagraphCxSpMiddle\" style=\"text-align: center;\"><span style=\"color: #ffffff;\">\u00ab<b><i>\u00a0Mieux, plus vite, plus intelligemment<\/i><\/b>\u00a0\u00bb<\/span><\/p>\n<p>[\/vc_column_text][\/vc_column][vc_column width=\u00a0\u00bb1\/2&Prime; css=\u00a0\u00bb.vc_custom_1669352217125{background-image: url(https:\/\/swiftglobalservices-drc.com\/wp-content\/uploads\/2022\/11\/PortFolio1.jpg?id=8000) !important;background-position: center !important;background-repeat: no-repeat !important;background-size: cover !important;}\u00a0\u00bb][\/vc_column][\/vc_row][vc_row gap=\u00a0\u00bb25&Prime; equal_height=\u00a0\u00bbyes\u00a0\u00bb][vc_column width=\u00a0\u00bb1\/2&Prime; css=\u00a0\u00bb.vc_custom_1669352255665{background-image: url(https:\/\/swiftglobalservices-drc.com\/wp-content\/uploads\/2022\/11\/PortFolio2.jpg?id=8001) !important;background-position: center !important;background-repeat: no-repeat !important;background-size: cover !important;}\u00a0\u00bb][\/vc_column][vc_column width=\u00a0\u00bb1\/2&Prime; css=\u00a0\u00bb.vc_custom_1476098154825{padding-top: 100px !important;padding-right: 50px !important;padding-bottom: 100px !important;padding-left: 50px !important;background-color: #353f56 !important;}\u00a0\u00bb][vc_custom_heading text=\u00a0\u00bbPROFESSIONNALISME\u00a0\u00bb font_container=\u00a0\u00bbtag:h1|font_size:40|text_align:center|color:%23ffffff\u00a0\u00bb use_theme_fonts=\u00a0\u00bbyes\u00a0\u00bb css=\u00a0\u00bb.vc_custom_1670485711181{padding-bottom: 10px !important;}\u00a0\u00bb][vc_column_text]<\/p>\n<p class=\"v1MsoListParagraphCxSpMiddle\" style=\"text-align: center;\"><span style=\"color: #ffffff;\"><b>NOTRE BUT<\/b><\/span><\/p>\n<p class=\"v1MsoListParagraphCxSpMiddle\" style=\"text-align: center;\"><span style=\"color: #ffffff;\">Offrir des services de haute qualit\u00e9 pour une grande satisfaction de nos clients.<\/span><\/p>\n<p>[\/vc_column_text][\/vc_column][\/vc_row][vc_row][vc_column][vc_hoverbox image=\u00a0\u00bb7854&Prime; primary_title=\u00a0\u00bbLa mise en valeur de la jeunesse intellectuelle de la RDC\u00a0\u00bb hover_title=\u00a0\u00bbVISION\u00a0\u00bb]Notre vision consiste \u00e0 couvrir les besoins de nos clients en les satisfaisants totalement jusqu&rsquo;\u00e0 un niveau de 200 % D\u00e9velopper les services par rapport \u00e0 la vitesse d&rsquo;\u00e9volution au niveau internationale, accomplir des services les plus difficiles et sensible par une main d&rsquo;\u0153uvre simple et facile. L&rsquo;auto d\u00e9veloppement personnel ou individuel afin d&rsquo;acqu\u00e9rir une capacit\u00e9 de r\u00e9soudre si rapidement des probl\u00e8mes de clients.[\/vc_hoverbox][\/vc_column][\/vc_row][vc_row][vc_column width=\u00a0\u00bb1\/2&Prime;][vc_separator][\/vc_column][\/vc_row][vc_row][vc_column][vc_column_text]<\/p>\n<h2 style=\"text-align: center;\">LES IMAGES PARLENT D&rsquo;ELLES MEMES<\/h2>\n<p>[\/vc_column_text][\/vc_column][\/vc_row][vc_row][vc_column][vc_separator][\/vc_column][\/vc_row][vc_row][vc_column width=\u00a0\u00bb1\/2&Prime;][vc_media_grid grid_id=\u00a0\u00bbvc_gid:1670488186194-57114960-82ff-3&Prime; include=\u00a0\u00bb8001,8000,7842,7992,7657,8072&Prime;][\/vc_column][vc_column width=\u00a0\u00bb1\/2&Prime;][vc_gallery interval=\u00a0\u00bb3&Prime; images=\u00a0\u00bb8001,8000,8086,8087,8088,8089,8090,8091,8092,8093,8094,8095,8096,8097,8098,8099,8100,8101,8102,8103&Prime; img_size=\u00a0\u00bbmedium\u00a0\u00bb][\/vc_column][\/vc_row][vc_row][vc_column width=\u00a0\u00bb1\/2&Prime;][vc_custom_heading text=\u00a0\u00bbSALON VIP &#8211; AEROPORT INTERNATIONAL DE GOMA\u00a0\u00bb][vc_single_image image=\u00a0\u00bb8081&Prime; img_size=\u00a0\u00bbfull\u00a0\u00bb][\/vc_column][vc_column width=\u00a0\u00bb1\/2&Prime;][vc_text_separator title=\u00a0\u00bbEN IMAGES\u00a0\u00bb][vc_images_carousel images=\u00a0\u00bb8098,8097,8096,8095&Prime; img_size=\u00a0\u00bbfull\u00a0\u00bb][\/vc_column][\/vc_row]<\/p>\n<\/section>","protected":false},"excerpt":{"rendered":"<p>[vc_row gap=\u00a0\u00bb25&Prime; equal_height=\u00a0\u00bbyes\u00a0\u00bb css=\u00a0\u00bb.vc_custom_1476098174653{margin-bottom: 25px !important;}\u00a0\u00bb][vc_column width=\u00a0\u00bb1\/2&Prime; css=\u00a0\u00bb.vc_custom_1476098154825{padding-top: 100px !important;padding-right: 50px !important;padding-bottom: 100px !important;padding-left: 50px !important;background-color: #353f56 !important;}\u00a0\u00bb][vc_custom_heading text=\u00a0\u00bbSGS EN IMAGES\u00a0\u00bb font_container=\u00a0\u00bbtag:h1|font_size:40|text_align:center|color:%23ffffff\u00a0\u00bb use_theme_fonts=\u00a0\u00bbyes\u00a0\u00bb css=\u00a0\u00bb.vc_custom_1669351638044{padding-bottom: 10px !important;}\u00a0\u00bb][vc_column_text] \u00a0NOTRE DEVISE \u00ab\u00a0Mieux, plus vite, plus intelligemment\u00a0\u00bb [\/vc_column_text][\/vc_column][vc_column width=\u00a0\u00bb1\/2&Prime; css=\u00a0\u00bb.vc_custom_1669352217125{background-image: url(https:\/\/swiftglobalservices-drc.com\/wp-content\/uploads\/2022\/11\/PortFolio1.jpg?id=8000) !important;background-position: center !important;background-repeat: no-repeat !important;background-size: cover !important;}\u00a0\u00bb][\/vc_column][\/vc_row][vc_row gap=\u00a0\u00bb25&Prime; equal_height=\u00a0\u00bbyes\u00a0\u00bb][vc_column width=\u00a0\u00bb1\/2&Prime; css=\u00a0\u00bb.vc_custom_1669352255665{background-image: url(https:\/\/swiftglobalservices-drc.com\/wp-content\/uploads\/2022\/11\/PortFolio2.jpg?id=8001) !important;background-position: center !important;background-repeat: no-repeat !important;background-size: cover&#8230;<\/p>\n","protected":false},"author":1,"featured_media":0,"parent":0,"menu_order":0,"comment_status":"closed","ping_status":"open","template":"","meta":{"footnotes":""},"class_list":["post-281","page","type-page","status-publish","hentry"],"yoast_head":"<!-- This site is optimized with the Yoast SEO plugin v19.10 - https:\/\/yoast.com\/wordpress\/plugins\/seo\/ -->\n<title>PortFolio - Swift Global Service<\/title>\n<meta name=\"robots\" content=\"index, follow, max-snippet:-1, max-image-preview:large, max-video-preview:-1\" \/>\n<link rel=\"canonical\" href=\"https:\/\/swiftglobalservices-drc.com\/index.php\/portfolio\/\" \/>\n<meta property=\"og:locale\" content=\"fr_FR\" \/>\n<meta property=\"og:type\" content=\"article\" \/>\n<meta property=\"og:title\" content=\"PortFolio - Swift Global Service\" \/>\n<meta property=\"og:description\" content=\"[vc_row gap=\u00a0\u00bb25&Prime; equal_height=\u00a0\u00bbyes\u00a0\u00bb css=\u00a0\u00bb.vc_custom_1476098174653{margin-bottom: 25px !important;}\u00a0\u00bb][vc_column width=\u00a0\u00bb1\/2&Prime; css=\u00a0\u00bb.vc_custom_1476098154825{padding-top: 100px !important;padding-right: 50px !important;padding-bottom: 100px !important;padding-left: 50px !important;background-color: #353f56 !important;}\u00a0\u00bb][vc_custom_heading text=\u00a0\u00bbSGS EN IMAGES\u00a0\u00bb font_container=\u00a0\u00bbtag:h1|font_size:40|text_align:center|color:%23ffffff\u00a0\u00bb use_theme_fonts=\u00a0\u00bbyes\u00a0\u00bb css=\u00a0\u00bb.vc_custom_1669351638044{padding-bottom: 10px !important;}\u00a0\u00bb][vc_column_text] \u00a0NOTRE DEVISE \u00ab\u00a0Mieux, plus vite, plus intelligemment\u00a0\u00bb [\/vc_column_text][\/vc_column][vc_column width=\u00a0\u00bb1\/2&Prime; css=\u00a0\u00bb.vc_custom_1669352217125{background-image: url(https:\/\/swiftglobalservices-drc.com\/wp-content\/uploads\/2022\/11\/PortFolio1.jpg?id=8000) !important;background-position: center !important;background-repeat: no-repeat !important;background-size: cover !important;}\u00a0\u00bb][\/vc_column][\/vc_row][vc_row gap=\u00a0\u00bb25&Prime; equal_height=\u00a0\u00bbyes\u00a0\u00bb][vc_column width=\u00a0\u00bb1\/2&Prime; css=\u00a0\u00bb.vc_custom_1669352255665{background-image: url(https:\/\/swiftglobalservices-drc.com\/wp-content\/uploads\/2022\/11\/PortFolio2.jpg?id=8001) !important;background-position: center !important;background-repeat: no-repeat !important;background-size: cover...\" \/>\n<meta property=\"og:url\" content=\"https:\/\/swiftglobalservices-drc.com\/index.php\/portfolio\/\" \/>\n<meta property=\"og:site_name\" content=\"Swift Global Service\" \/>\n<meta property=\"article:modified_time\" content=\"2022-12-08T08:45:02+00:00\" \/>\n<meta name=\"twitter:card\" content=\"summary_large_image\" \/>\n<meta name=\"twitter:label1\" content=\"Dur\u00e9e de lecture estim\u00e9e\" \/>\n\t<meta name=\"twitter:data1\" content=\"1 minute\" \/>\n<script type=\"application\/ld+json\" class=\"yoast-schema-graph\">{\"@context\":\"https:\/\/schema.org\",\"@graph\":[{\"@type\":\"WebPage\",\"@id\":\"https:\/\/swiftglobalservices-drc.com\/index.php\/portfolio\/\",\"url\":\"https:\/\/swiftglobalservices-drc.com\/index.php\/portfolio\/\",\"name\":\"PortFolio - Swift Global Service\",\"isPartOf\":{\"@id\":\"https:\/\/swiftglobalservices-drc.com\/#website\"},\"datePublished\":\"2015-07-09T08:43:13+00:00\",\"dateModified\":\"2022-12-08T08:45:02+00:00\",\"inLanguage\":\"fr-FR\",\"potentialAction\":[{\"@type\":\"ReadAction\",\"target\":[\"https:\/\/swiftglobalservices-drc.com\/index.php\/portfolio\/\"]}]},{\"@type\":\"WebSite\",\"@id\":\"https:\/\/swiftglobalservices-drc.com\/#website\",\"url\":\"https:\/\/swiftglobalservices-drc.com\/\",\"name\":\"Swift Global Service\",\"description\":\"Better-Faster-Smarter\",\"potentialAction\":[{\"@type\":\"SearchAction\",\"target\":{\"@type\":\"EntryPoint\",\"urlTemplate\":\"https:\/\/swiftglobalservices-drc.com\/?s={search_term_string}\"},\"query-input\":\"required name=search_term_string\"}],\"inLanguage\":\"fr-FR\"}]}<\/script>\n<!-- \/ Yoast SEO plugin. -->","yoast_head_json":{"title":"PortFolio - Swift Global Service","robots":{"index":"index","follow":"follow","max-snippet":"max-snippet:-1","max-image-preview":"max-image-preview:large","max-video-preview":"max-video-preview:-1"},"canonical":"https:\/\/swiftglobalservices-drc.com\/index.php\/portfolio\/","og_locale":"fr_FR","og_type":"article","og_title":"PortFolio - Swift Global Service","og_description":"[vc_row gap=\u00a0\u00bb25&Prime; equal_height=\u00a0\u00bbyes\u00a0\u00bb css=\u00a0\u00bb.vc_custom_1476098174653{margin-bottom: 25px !important;}\u00a0\u00bb][vc_column width=\u00a0\u00bb1\/2&Prime; css=\u00a0\u00bb.vc_custom_1476098154825{padding-top: 100px !important;padding-right: 50px !important;padding-bottom: 100px !important;padding-left: 50px !important;background-color: #353f56 !important;}\u00a0\u00bb][vc_custom_heading text=\u00a0\u00bbSGS EN IMAGES\u00a0\u00bb font_container=\u00a0\u00bbtag:h1|font_size:40|text_align:center|color:%23ffffff\u00a0\u00bb use_theme_fonts=\u00a0\u00bbyes\u00a0\u00bb css=\u00a0\u00bb.vc_custom_1669351638044{padding-bottom: 10px !important;}\u00a0\u00bb][vc_column_text] \u00a0NOTRE DEVISE \u00ab\u00a0Mieux, plus vite, plus intelligemment\u00a0\u00bb [\/vc_column_text][\/vc_column][vc_column width=\u00a0\u00bb1\/2&Prime; css=\u00a0\u00bb.vc_custom_1669352217125{background-image: url(https:\/\/swiftglobalservices-drc.com\/wp-content\/uploads\/2022\/11\/PortFolio1.jpg?id=8000) !important;background-position: center !important;background-repeat: no-repeat !important;background-size: cover !important;}\u00a0\u00bb][\/vc_column][\/vc_row][vc_row gap=\u00a0\u00bb25&Prime; equal_height=\u00a0\u00bbyes\u00a0\u00bb][vc_column width=\u00a0\u00bb1\/2&Prime; css=\u00a0\u00bb.vc_custom_1669352255665{background-image: url(https:\/\/swiftglobalservices-drc.com\/wp-content\/uploads\/2022\/11\/PortFolio2.jpg?id=8001) !important;background-position: center !important;background-repeat: no-repeat !important;background-size: cover...","og_url":"https:\/\/swiftglobalservices-drc.com\/index.php\/portfolio\/","og_site_name":"Swift Global Service","article_modified_time":"2022-12-08T08:45:02+00:00","twitter_card":"summary_large_image","twitter_misc":{"Dur\u00e9e de lecture estim\u00e9e":"1 minute"},"schema":{"@context":"https:\/\/schema.org","@graph":[{"@type":"WebPage","@id":"https:\/\/swiftglobalservices-drc.com\/index.php\/portfolio\/","url":"https:\/\/swiftglobalservices-drc.com\/index.php\/portfolio\/","name":"PortFolio - Swift Global Service","isPartOf":{"@id":"https:\/\/swiftglobalservices-drc.com\/#website"},"datePublished":"2015-07-09T08:43:13+00:00","dateModified":"2022-12-08T08:45:02+00:00","inLanguage":"fr-FR","potentialAction":[{"@type":"ReadAction","target":["https:\/\/swiftglobalservices-drc.com\/index.php\/portfolio\/"]}]},{"@type":"WebSite","@id":"https:\/\/swiftglobalservices-drc.com\/#website","url":"https:\/\/swiftglobalservices-drc.com\/","name":"Swift Global Service","description":"Better-Faster-Smarter","potentialAction":[{"@type":"SearchAction","target":{"@type":"EntryPoint","urlTemplate":"https:\/\/swiftglobalservices-drc.com\/?s={search_term_string}"},"query-input":"required name=search_term_string"}],"inLanguage":"fr-FR"}]}},"_links":{"self":[{"href":"https:\/\/swiftglobalservices-drc.com\/index.php\/wp-json\/wp\/v2\/pages\/281","targetHints":{"allow":["GET"]}}],"collection":[{"href":"https:\/\/swiftglobalservices-drc.com\/index.php\/wp-json\/wp\/v2\/pages"}],"about":[{"href":"https:\/\/swiftglobalservices-drc.com\/index.php\/wp-json\/wp\/v2\/types\/page"}],"author":[{"embeddable":true,"href":"https:\/\/swiftglobalservices-drc.com\/index.php\/wp-json\/wp\/v2\/users\/1"}],"replies":[{"embeddable":true,"href":"https:\/\/swiftglobalservices-drc.com\/index.php\/wp-json\/wp\/v2\/comments?post=281"}],"version-history":[{"count":11,"href":"https:\/\/swiftglobalservices-drc.com\/index.php\/wp-json\/wp\/v2\/pages\/281\/revisions"}],"predecessor-version":[{"id":8106,"href":"https:\/\/swiftglobalservices-drc.com\/index.php\/wp-json\/wp\/v2\/pages\/281\/revisions\/8106"}],"wp:attachment":[{"href":"https:\/\/swiftglobalservices-drc.com\/index.php\/wp-json\/wp\/v2\/media?parent=281"}],"curies":[{"name":"wp","href":"https:\/\/api.w.org\/{rel}","templated":true}]}}