{"id":429,"date":"2015-07-13T13:41:40","date_gmt":"2015-07-13T13:41:40","guid":{"rendered":"http:\/\/medicine-plus.cmsmasters.net\/?page_id=429"},"modified":"2022-12-08T08:27:04","modified_gmt":"2022-12-08T07:27:04","slug":"logistique","status":"publish","type":"page","link":"https:\/\/swiftglobalservices-drc.com\/index.php\/logistique\/","title":{"rendered":"Logistique"},"content":{"rendered":"<section class=\"wpb-content-wrapper\"><style type=\"text\/css\"><\/style><p>[vc_row][vc_column][vc_custom_heading text=\u00a0\u00bbNOUS FAISONS LA LOGISTIQUE &#038; DEDOUANEMENT\u00a0\u00bb font_container=\u00a0\u00bbtag:h1|text_align:center\u00a0\u00bb use_theme_fonts=\u00a0\u00bbyes\u00a0\u00bb][vc_column_text]<\/p>\n<p style=\"text-align: center;\">Juridiquement, le d\u00e9douanement consiste \u00e0 placer les marchandises sous un r\u00e9gime douanier. En termes plus simples, le d\u00e9douanement \u00e0 l\u2019importation consiste, dans la plupart des cas, \u00e0 acquitter les droits de douane et la TVA<\/p>\n<p>[\/vc_column_text][\/vc_column][\/vc_row][vc_row][vc_column width=\u00a0\u00bb1\/3&Prime;][vc_single_image image=\u00a0\u00bb8077&Prime; img_size=\u00a0\u00bbfull\u00a0\u00bb alignment=\u00a0\u00bbcenter\u00a0\u00bb style=\u00a0\u00bbvc_box_rounded\u00a0\u00bb][vc_column_text]Nous voulons accroitre et p\u00e9renniser la capacit\u00e9 op\u00e9rationnelle de nos services par des solutions appropri\u00e9es, nous s\u00e9lectionnons vos besoins, \u00e9tudions ces besoins et vous proposons des solutions.[\/vc_column_text][\/vc_column][vc_column width=\u00a0\u00bb1\/3&Prime;][vc_single_image image=\u00a0\u00bb8064&Prime; img_size=\u00a0\u00bbfull\u00a0\u00bb alignment=\u00a0\u00bbcenter\u00a0\u00bb style=\u00a0\u00bbvc_box_rounded\u00a0\u00bb][vc_column_text]Notre vision consiste \u00e0 couvrir les besoins de nos clients en les satisfaisants totalement jusqu&rsquo;\u00e0 un niveau de 200 % D\u00e9velopper les services par rapport \u00e0 la vitesse d&rsquo;\u00e9volution au niveau internationale, accomplir des services les plus difficiles et sensible par une main d&rsquo;\u0153uvre simple et facile. L&rsquo;auto d\u00e9veloppement personnel ou individuel afin d&rsquo;acqu\u00e9rir une capacit\u00e9 de r\u00e9soudre si rapidement des probl\u00e8mes de clients.[\/vc_column_text][\/vc_column][vc_column width=\u00a0\u00bb1\/3&Prime;][vc_single_image image=\u00a0\u00bb8078&Prime; img_size=\u00a0\u00bbfull\u00a0\u00bb alignment=\u00a0\u00bbcenter\u00a0\u00bb style=\u00a0\u00bbvc_box_rounded\u00a0\u00bb][vc_column_text]<\/p>\n<p class=\"v1MsoListParagraphCxSpMiddle\">La mise en valeur de la jeunesse intellectuelle de la RDC le respect et consid\u00e9ration de la client\u00e8le, l&rsquo;esprit d&rsquo;\u00e9quipe et le partage. Le sens de la responsabilit\u00e9, L&rsquo;\u00e9quilibre et \u00e9galit\u00e9 dans l&rsquo;application des droits fondamentaux. L&rsquo;\u00e9coute.<\/p>\n<p>[\/vc_column_text][\/vc_column][\/vc_row][vc_row][vc_column][vc_separator][vc_column_text]NOTRE BUT est d&rsquo;Offrir des services de haute qualit\u00e9 pour une grande satisfaction de nos clients.[\/vc_column_text][\/vc_column][\/vc_row][vc_row][vc_column][vc_custom_heading text=\u00a0\u00bbvous voulez un devis?\u00a0\u00bb][\/vc_column][\/vc_row][vc_row][vc_column][vc_separator][\/vc_column][\/vc_row][vc_row][vc_column]<div role=\"form\" class=\"wpcf7\" id=\"wpcf7-f6-o1\" lang=\"fr-FR\" dir=\"ltr\">\n<div class=\"screen-reader-response\"><p role=\"status\" aria-live=\"polite\" aria-atomic=\"true\"><\/p> <ul><\/ul><\/div>\n<form action=\"\/index.php\/wp-json\/wp\/v2\/pages\/429#wpcf7-f6-o1\" method=\"post\" class=\"wpcf7-form init\" novalidate=\"novalidate\" data-status=\"init\">\n<div style=\"display: none;\">\n<input type=\"hidden\" name=\"_wpcf7\" value=\"6\" \/>\n<input type=\"hidden\" name=\"_wpcf7_version\" value=\"5.6.4\" \/>\n<input type=\"hidden\" name=\"_wpcf7_locale\" value=\"fr_FR\" \/>\n<input type=\"hidden\" name=\"_wpcf7_unit_tag\" value=\"wpcf7-f6-o1\" \/>\n<input type=\"hidden\" name=\"_wpcf7_container_post\" value=\"0\" \/>\n<input type=\"hidden\" name=\"_wpcf7_posted_data_hash\" value=\"\" \/>\n<\/div>\n<p><label> Votre nom<br \/>\n    <span class=\"wpcf7-form-control-wrap\" data-name=\"your-name\"><input type=\"text\" name=\"your-name\" value=\"\" size=\"40\" class=\"wpcf7-form-control wpcf7-text wpcf7-validates-as-required\" aria-required=\"true\" aria-invalid=\"false\" \/><\/span> <\/label><\/p>\n<p><label> Votre e-mail<br \/>\n    <span class=\"wpcf7-form-control-wrap\" data-name=\"your-email\"><input type=\"email\" name=\"your-email\" value=\"\" size=\"40\" class=\"wpcf7-form-control wpcf7-text wpcf7-email wpcf7-validates-as-required wpcf7-validates-as-email\" aria-required=\"true\" aria-invalid=\"false\" \/><\/span> <\/label><\/p>\n<p><label> Objet<br \/>\n    <span class=\"wpcf7-form-control-wrap\" data-name=\"your-subject\"><input type=\"text\" name=\"your-subject\" value=\"\" size=\"40\" class=\"wpcf7-form-control wpcf7-text wpcf7-validates-as-required\" aria-required=\"true\" aria-invalid=\"false\" \/><\/span> <\/label><\/p>\n<p><label> Votre message (facultatif)<br \/>\n    <span class=\"wpcf7-form-control-wrap\" data-name=\"your-message\"><textarea name=\"your-message\" cols=\"40\" rows=\"10\" class=\"wpcf7-form-control wpcf7-textarea\" aria-invalid=\"false\"><\/textarea><\/span> <\/label><\/p>\n<p><input type=\"submit\" value=\"Envoyer\" class=\"wpcf7-form-control has-spinner wpcf7-submit\" \/><\/p>\n<p style=\"display: none !important;\"><label>&#916;<textarea name=\"_wpcf7_ak_hp_textarea\" cols=\"45\" rows=\"8\" maxlength=\"100\"><\/textarea><\/label><input type=\"hidden\" id=\"ak_js_1\" name=\"_wpcf7_ak_js\" value=\"63\"\/><script>document.getElementById( \"ak_js_1\" ).setAttribute( \"value\", ( new Date() ).getTime() );<\/script><\/p><div class=\"wpcf7-response-output\" aria-hidden=\"true\"><\/div><\/form><\/div>[\/vc_column][\/vc_row]<\/p>\n<\/section>","protected":false},"excerpt":{"rendered":"<p>[vc_row][vc_column][vc_custom_heading text=\u00a0\u00bbNOUS FAISONS LA LOGISTIQUE &#038; DEDOUANEMENT\u00a0\u00bb font_container=\u00a0\u00bbtag:h1|text_align:center\u00a0\u00bb use_theme_fonts=\u00a0\u00bbyes\u00a0\u00bb][vc_column_text] Juridiquement, le d\u00e9douanement consiste \u00e0 placer les marchandises sous un r\u00e9gime douanier. En termes plus simples, le d\u00e9douanement \u00e0 l\u2019importation consiste, dans la plupart des cas, \u00e0 acquitter les droits de douane et la TVA [\/vc_column_text][\/vc_column][\/vc_row][vc_row][vc_column width=\u00a0\u00bb1\/3&Prime;][vc_single_image image=\u00a0\u00bb8077&Prime; img_size=\u00a0\u00bbfull\u00a0\u00bb alignment=\u00a0\u00bbcenter\u00a0\u00bb style=\u00a0\u00bbvc_box_rounded\u00a0\u00bb][vc_column_text]Nous voulons accroitre et p\u00e9renniser la&#8230;<\/p>\n","protected":false},"author":1,"featured_media":0,"parent":0,"menu_order":0,"comment_status":"closed","ping_status":"open","template":"","meta":{"footnotes":""},"class_list":["post-429","page","type-page","status-publish","hentry"],"yoast_head":"<!-- This site is optimized with the Yoast SEO plugin v19.10 - https:\/\/yoast.com\/wordpress\/plugins\/seo\/ -->\n<title>Logistique - Swift Global Service<\/title>\n<meta name=\"robots\" content=\"index, follow, max-snippet:-1, max-image-preview:large, max-video-preview:-1\" \/>\n<link rel=\"canonical\" href=\"https:\/\/swiftglobalservices-drc.com\/index.php\/logistique\/\" \/>\n<meta property=\"og:locale\" content=\"fr_FR\" \/>\n<meta property=\"og:type\" content=\"article\" \/>\n<meta property=\"og:title\" content=\"Logistique - Swift Global Service\" \/>\n<meta property=\"og:description\" content=\"[vc_row][vc_column][vc_custom_heading text=\u00a0\u00bbNOUS FAISONS LA LOGISTIQUE &#038; DEDOUANEMENT\u00a0\u00bb font_container=\u00a0\u00bbtag:h1|text_align:center\u00a0\u00bb use_theme_fonts=\u00a0\u00bbyes\u00a0\u00bb][vc_column_text] Juridiquement, le d\u00e9douanement consiste \u00e0 placer les marchandises sous un r\u00e9gime douanier. En termes plus simples, le d\u00e9douanement \u00e0 l\u2019importation consiste, dans la plupart des cas, \u00e0 acquitter les droits de douane et la TVA [\/vc_column_text][\/vc_column][\/vc_row][vc_row][vc_column width=\u00a0\u00bb1\/3&Prime;][vc_single_image image=\u00a0\u00bb8077&Prime; img_size=\u00a0\u00bbfull\u00a0\u00bb alignment=\u00a0\u00bbcenter\u00a0\u00bb style=\u00a0\u00bbvc_box_rounded\u00a0\u00bb][vc_column_text]Nous voulons accroitre et p\u00e9renniser la...\" \/>\n<meta property=\"og:url\" content=\"https:\/\/swiftglobalservices-drc.com\/index.php\/logistique\/\" \/>\n<meta property=\"og:site_name\" content=\"Swift Global Service\" \/>\n<meta property=\"article:modified_time\" content=\"2022-12-08T07:27:04+00:00\" \/>\n<meta name=\"twitter:card\" content=\"summary_large_image\" \/>\n<meta name=\"twitter:label1\" content=\"Dur\u00e9e de lecture estim\u00e9e\" \/>\n\t<meta name=\"twitter:data1\" content=\"3 minutes\" \/>\n<script type=\"application\/ld+json\" class=\"yoast-schema-graph\">{\"@context\":\"https:\/\/schema.org\",\"@graph\":[{\"@type\":\"WebPage\",\"@id\":\"https:\/\/swiftglobalservices-drc.com\/index.php\/logistique\/\",\"url\":\"https:\/\/swiftglobalservices-drc.com\/index.php\/logistique\/\",\"name\":\"Logistique - Swift Global Service\",\"isPartOf\":{\"@id\":\"https:\/\/swiftglobalservices-drc.com\/#website\"},\"datePublished\":\"2015-07-13T13:41:40+00:00\",\"dateModified\":\"2022-12-08T07:27:04+00:00\",\"inLanguage\":\"fr-FR\",\"potentialAction\":[{\"@type\":\"ReadAction\",\"target\":[\"https:\/\/swiftglobalservices-drc.com\/index.php\/logistique\/\"]}]},{\"@type\":\"WebSite\",\"@id\":\"https:\/\/swiftglobalservices-drc.com\/#website\",\"url\":\"https:\/\/swiftglobalservices-drc.com\/\",\"name\":\"Swift Global Service\",\"description\":\"Better-Faster-Smarter\",\"potentialAction\":[{\"@type\":\"SearchAction\",\"target\":{\"@type\":\"EntryPoint\",\"urlTemplate\":\"https:\/\/swiftglobalservices-drc.com\/?s={search_term_string}\"},\"query-input\":\"required name=search_term_string\"}],\"inLanguage\":\"fr-FR\"}]}<\/script>\n<!-- \/ Yoast SEO plugin. -->","yoast_head_json":{"title":"Logistique - Swift Global Service","robots":{"index":"index","follow":"follow","max-snippet":"max-snippet:-1","max-image-preview":"max-image-preview:large","max-video-preview":"max-video-preview:-1"},"canonical":"https:\/\/swiftglobalservices-drc.com\/index.php\/logistique\/","og_locale":"fr_FR","og_type":"article","og_title":"Logistique - Swift Global Service","og_description":"[vc_row][vc_column][vc_custom_heading text=\u00a0\u00bbNOUS FAISONS LA LOGISTIQUE &#038; DEDOUANEMENT\u00a0\u00bb font_container=\u00a0\u00bbtag:h1|text_align:center\u00a0\u00bb use_theme_fonts=\u00a0\u00bbyes\u00a0\u00bb][vc_column_text] Juridiquement, le d\u00e9douanement consiste \u00e0 placer les marchandises sous un r\u00e9gime douanier. En termes plus simples, le d\u00e9douanement \u00e0 l\u2019importation consiste, dans la plupart des cas, \u00e0 acquitter les droits de douane et la TVA [\/vc_column_text][\/vc_column][\/vc_row][vc_row][vc_column width=\u00a0\u00bb1\/3&Prime;][vc_single_image image=\u00a0\u00bb8077&Prime; img_size=\u00a0\u00bbfull\u00a0\u00bb alignment=\u00a0\u00bbcenter\u00a0\u00bb style=\u00a0\u00bbvc_box_rounded\u00a0\u00bb][vc_column_text]Nous voulons accroitre et p\u00e9renniser la...","og_url":"https:\/\/swiftglobalservices-drc.com\/index.php\/logistique\/","og_site_name":"Swift Global Service","article_modified_time":"2022-12-08T07:27:04+00:00","twitter_card":"summary_large_image","twitter_misc":{"Dur\u00e9e de lecture estim\u00e9e":"3 minutes"},"schema":{"@context":"https:\/\/schema.org","@graph":[{"@type":"WebPage","@id":"https:\/\/swiftglobalservices-drc.com\/index.php\/logistique\/","url":"https:\/\/swiftglobalservices-drc.com\/index.php\/logistique\/","name":"Logistique - Swift Global Service","isPartOf":{"@id":"https:\/\/swiftglobalservices-drc.com\/#website"},"datePublished":"2015-07-13T13:41:40+00:00","dateModified":"2022-12-08T07:27:04+00:00","inLanguage":"fr-FR","potentialAction":[{"@type":"ReadAction","target":["https:\/\/swiftglobalservices-drc.com\/index.php\/logistique\/"]}]},{"@type":"WebSite","@id":"https:\/\/swiftglobalservices-drc.com\/#website","url":"https:\/\/swiftglobalservices-drc.com\/","name":"Swift Global Service","description":"Better-Faster-Smarter","potentialAction":[{"@type":"SearchAction","target":{"@type":"EntryPoint","urlTemplate":"https:\/\/swiftglobalservices-drc.com\/?s={search_term_string}"},"query-input":"required name=search_term_string"}],"inLanguage":"fr-FR"}]}},"_links":{"self":[{"href":"https:\/\/swiftglobalservices-drc.com\/index.php\/wp-json\/wp\/v2\/pages\/429","targetHints":{"allow":["GET"]}}],"collection":[{"href":"https:\/\/swiftglobalservices-drc.com\/index.php\/wp-json\/wp\/v2\/pages"}],"about":[{"href":"https:\/\/swiftglobalservices-drc.com\/index.php\/wp-json\/wp\/v2\/types\/page"}],"author":[{"embeddable":true,"href":"https:\/\/swiftglobalservices-drc.com\/index.php\/wp-json\/wp\/v2\/users\/1"}],"replies":[{"embeddable":true,"href":"https:\/\/swiftglobalservices-drc.com\/index.php\/wp-json\/wp\/v2\/comments?post=429"}],"version-history":[{"count":6,"href":"https:\/\/swiftglobalservices-drc.com\/index.php\/wp-json\/wp\/v2\/pages\/429\/revisions"}],"predecessor-version":[{"id":8079,"href":"https:\/\/swiftglobalservices-drc.com\/index.php\/wp-json\/wp\/v2\/pages\/429\/revisions\/8079"}],"wp:attachment":[{"href":"https:\/\/swiftglobalservices-drc.com\/index.php\/wp-json\/wp\/v2\/media?parent=429"}],"curies":[{"name":"wp","href":"https:\/\/api.w.org\/{rel}","templated":true}]}}