{"id":6587,"date":"2016-03-30T12:27:25","date_gmt":"2016-03-30T12:27:25","guid":{"rendered":"http:\/\/logistic-business.cmsmasters.net\/?page_id=6587"},"modified":"2022-12-08T08:45:09","modified_gmt":"2022-12-08T07:45:09","slug":"protocole-voyage","status":"publish","type":"page","link":"https:\/\/swiftglobalservices-drc.com\/index.php\/protocole-voyage\/","title":{"rendered":"Protocole voyage"},"content":{"rendered":"<section class=\"wpb-content-wrapper\"><style type=\"text\/css\"><\/style><p>[vc_row][vc_column width=\u00a0\u00bb1\/2&Prime;][vc_custom_heading text=\u00a0\u00bbFacilitation obtention visa rdc\u00a0\u00bb font_container=\u00a0\u00bbtag:h1|text_align:left\u00a0\u00bb use_theme_fonts=\u00a0\u00bbyes\u00a0\u00bb][vc_column_text]<\/p>\n<ol class=\"X5LH0c\">\n<li class=\"TrT0Xe\">Commandez votre\u00a0<b>visa<\/b>. en quelques clics.<\/li>\n<li class=\"TrT0Xe\">Envoyez-nous vos documents. de mani\u00e8re s\u00e9curis\u00e9e.<\/li>\n<li class=\"TrT0Xe\">Nous traitons votre demande. de\u00a0<b>visa<\/b>\u00a0aupr\u00e8s de l&rsquo;ambassade.<\/li>\n<li class=\"TrT0Xe\">Recevez votre\u00a0<b>visa<\/b>. de mani\u00e8re s\u00e9curis\u00e9e<\/li>\n<\/ol>\n<p>Grace \u00e0 nos services professionnels nous vous delivrons vos visa pour la R\u00e9publique D\u00e9mocratique du Congo[\/vc_column_text][vc_btn title=\u00a0\u00bbContactez nous\u00a0\u00bb style=\u00a0\u00bbflat\u00a0\u00bb shape=\u00a0\u00bbround\u00a0\u00bb color=\u00a0\u00bbvista-blue\u00a0\u00bb][\/vc_column][vc_column width=\u00a0\u00bb1\/2&Prime;][vc_gallery type=\u00a0\u00bbimage_grid\u00a0\u00bb images=\u00a0\u00bb8080,8081,8082,8083&Prime; onclick=\u00a0\u00bb\u00a0\u00bb css=\u00a0\u00bb.vc_custom_1670484601373{padding-top: 15px !important;}\u00a0\u00bb][\/vc_column][\/vc_row][vc_row][vc_column width=\u00a0\u00bb1\/2&Prime;][vc_custom_heading text=\u00a0\u00bbPROTOCOLE VOYAGE SALON VIP\u00a0\u00bb font_container=\u00a0\u00bbtag:h1|text_align:left\u00a0\u00bb use_theme_fonts=\u00a0\u00bbyes\u00a0\u00bb][vc_column_text]Nous assurons une assistance dans les formalit\u00e9s et un accompagnement aux passagers depuis l\u2019arriv\u00e9e \u00e0 l\u2019a\u00e9roport o\u00f9 nous poss\u00e9dons un salon VIP.<\/p>\n<p>Notre vision consiste \u00e0 couvrir les besoins de nos clients en les satisfaisants totalement jusqu&rsquo;\u00e0 un niveau de 200 % D\u00e9velopper les services par rapport \u00e0 la vitesse d&rsquo;\u00e9volution au niveau internationale, accomplir des services les plus difficiles et sensible par une main d&rsquo;\u0153uvre simple et facile. L&rsquo;auto d\u00e9veloppement personnel ou individuel afin d&rsquo;acqu\u00e9rir une capacit\u00e9 de r\u00e9soudre si rapidement des probl\u00e8mes de clients.[\/vc_column_text][vc_btn title=\u00a0\u00bbContactez nous\u00a0\u00bb style=\u00a0\u00bbflat\u00a0\u00bb shape=\u00a0\u00bbround\u00a0\u00bb color=\u00a0\u00bbvista-blue\u00a0\u00bb][\/vc_column][vc_column width=\u00a0\u00bb1\/2&Prime;][vc_gallery type=\u00a0\u00bbimage_grid\u00a0\u00bb images=\u00a0\u00bb8083,8082,8081,8080&Prime; onclick=\u00a0\u00bb\u00a0\u00bb css=\u00a0\u00bb.vc_custom_1670484628214{padding-top: 15px !important;}\u00a0\u00bb][\/vc_column][\/vc_row][vc_row][vc_column][vc_separator][\/vc_column][\/vc_row][vc_row][vc_column][vc_cta h2=\u00a0\u00bbCE QUE NOUS FAISONS POUR VOUS\u00a0\u00bb]Nous assurons une assistance dans les formalit\u00e9s et un accompagnement aux passagers depuis l\u2019arriv\u00e9e \u00e0 l\u2019a\u00e9roport o\u00f9 nous poss\u00e9dons un salon VIP.<\/p>\n<p>Nous mettons \u00e0 votre disposition\u00a0:<\/p>\n<p>* Un service de transport de l\u2019a\u00e9roport jusqu\u2019\u00e0 votre destination<\/p>\n<p>* Un service de tourisme pour vous amener \u00e0 voir la beaut\u00e9 touristique de notre ville de Goma<\/p>\n<p>* Nous facilitons l\u2019obtention des visas en RDC pour les \u00e9trangers<\/p>\n<p>* Une assistance dans vos formalit\u00e9s de voyage.<\/p>\n<p>* Notre billetterie vous aide \u00e0 avoir d\u2019avance le billet de votre destination o\u00f9 que vous voudriez aller.<\/p>\n<p>* Une assistance dans vos formalit\u00e9s de voyage.[\/vc_cta][\/vc_column][\/vc_row][vc_row][vc_column][vc_images_carousel images=\u00a0\u00bb8083,8082,8081,8080,8063,7849&Prime; img_size=\u00a0\u00bbautox500&Prime; speed=\u00a0\u00bb2000&Prime; slides_per_view=\u00a0\u00bb2&Prime; autoplay=\u00a0\u00bbyes\u00a0\u00bb wrap=\u00a0\u00bbyes\u00a0\u00bb][\/vc_column][\/vc_row][vc_row][vc_column][vc_column_text]<\/p>\n<p class=\"v1MsoListParagraphCxSpMiddle\"><b>POURQUOI NOUS\u00a0?<\/b><\/p>\n<p class=\"v1MsoListParagraphCxSpMiddle\">Notre capacit\u00e9 \u00e0 d\u00e9tecter, \u00e9tudier et r\u00e9pondre d&rsquo;une mani\u00e8re rapide \u00e0 vos besoins, Nous sommes professionnels dans nos domaines d&rsquo;intervention,<\/p>\n<p class=\"v1MsoListParagraphCxSpMiddle\">Nous sommes l\u00e0 pour soutenir nos partenaires \u00e0 r\u00e9soudre de mani\u00e8re efficace et efficiente leurs probl\u00e8mes li\u00e9s \u00e0 la viabilit\u00e9 de leurs entreprises,<\/p>\n<p class=\"v1MsoListParagraphCxSpLast\">Nos prix sur le march\u00e9 d\u00e9fient toute concurrence.<\/p>\n<p>[\/vc_column_text][\/vc_column][\/vc_row]<\/p>\n<\/section>","protected":false},"excerpt":{"rendered":"<p>[vc_row][vc_column width=\u00a0\u00bb1\/2&Prime;][vc_custom_heading text=\u00a0\u00bbFacilitation obtention visa rdc\u00a0\u00bb font_container=\u00a0\u00bbtag:h1|text_align:left\u00a0\u00bb use_theme_fonts=\u00a0\u00bbyes\u00a0\u00bb][vc_column_text] Commandez votre\u00a0visa. en quelques clics. Envoyez-nous vos documents. de mani\u00e8re s\u00e9curis\u00e9e. Nous traitons votre demande. de\u00a0visa\u00a0aupr\u00e8s de l&rsquo;ambassade. Recevez votre\u00a0visa. de mani\u00e8re s\u00e9curis\u00e9e Grace \u00e0 nos services professionnels nous vous delivrons vos visa pour la R\u00e9publique D\u00e9mocratique du Congo[\/vc_column_text][vc_btn title=\u00a0\u00bbContactez nous\u00a0\u00bb style=\u00a0\u00bbflat\u00a0\u00bb shape=\u00a0\u00bbround\u00a0\u00bb color=\u00a0\u00bbvista-blue\u00a0\u00bb][\/vc_column][vc_column width=\u00a0\u00bb1\/2&Prime;][vc_gallery type=\u00a0\u00bbimage_grid\u00a0\u00bb images=\u00a0\u00bb8080,8081,8082,8083&Prime;&#8230;<\/p>\n","protected":false},"author":1,"featured_media":0,"parent":0,"menu_order":0,"comment_status":"closed","ping_status":"closed","template":"","meta":{"footnotes":""},"class_list":["post-6587","page","type-page","status-publish","hentry"],"yoast_head":"<!-- This site is optimized with the Yoast SEO plugin v19.10 - https:\/\/yoast.com\/wordpress\/plugins\/seo\/ -->\n<title>Protocole voyage - Swift Global Service<\/title>\n<meta name=\"robots\" content=\"index, follow, max-snippet:-1, max-image-preview:large, max-video-preview:-1\" \/>\n<link rel=\"canonical\" href=\"https:\/\/swiftglobalservices-drc.com\/index.php\/protocole-voyage\/\" \/>\n<meta property=\"og:locale\" content=\"fr_FR\" \/>\n<meta property=\"og:type\" content=\"article\" \/>\n<meta property=\"og:title\" content=\"Protocole voyage - Swift Global Service\" \/>\n<meta property=\"og:description\" content=\"[vc_row][vc_column width=\u00a0\u00bb1\/2&Prime;][vc_custom_heading text=\u00a0\u00bbFacilitation obtention visa rdc\u00a0\u00bb font_container=\u00a0\u00bbtag:h1|text_align:left\u00a0\u00bb use_theme_fonts=\u00a0\u00bbyes\u00a0\u00bb][vc_column_text] Commandez votre\u00a0visa. en quelques clics. Envoyez-nous vos documents. de mani\u00e8re s\u00e9curis\u00e9e. Nous traitons votre demande. de\u00a0visa\u00a0aupr\u00e8s de l&rsquo;ambassade. Recevez votre\u00a0visa. de mani\u00e8re s\u00e9curis\u00e9e Grace \u00e0 nos services professionnels nous vous delivrons vos visa pour la R\u00e9publique D\u00e9mocratique du Congo[\/vc_column_text][vc_btn title=\u00a0\u00bbContactez nous\u00a0\u00bb style=\u00a0\u00bbflat\u00a0\u00bb shape=\u00a0\u00bbround\u00a0\u00bb color=\u00a0\u00bbvista-blue\u00a0\u00bb][\/vc_column][vc_column width=\u00a0\u00bb1\/2&Prime;][vc_gallery type=\u00a0\u00bbimage_grid\u00a0\u00bb images=\u00a0\u00bb8080,8081,8082,8083&Prime;...\" \/>\n<meta property=\"og:url\" content=\"https:\/\/swiftglobalservices-drc.com\/index.php\/protocole-voyage\/\" \/>\n<meta property=\"og:site_name\" content=\"Swift Global Service\" \/>\n<meta property=\"article:modified_time\" content=\"2022-12-08T07:45:09+00:00\" \/>\n<meta name=\"twitter:card\" content=\"summary_large_image\" \/>\n<meta name=\"twitter:label1\" content=\"Dur\u00e9e de lecture estim\u00e9e\" \/>\n\t<meta name=\"twitter:data1\" content=\"3 minutes\" \/>\n<script type=\"application\/ld+json\" class=\"yoast-schema-graph\">{\"@context\":\"https:\/\/schema.org\",\"@graph\":[{\"@type\":\"WebPage\",\"@id\":\"https:\/\/swiftglobalservices-drc.com\/index.php\/protocole-voyage\/\",\"url\":\"https:\/\/swiftglobalservices-drc.com\/index.php\/protocole-voyage\/\",\"name\":\"Protocole voyage - Swift Global Service\",\"isPartOf\":{\"@id\":\"https:\/\/swiftglobalservices-drc.com\/#website\"},\"datePublished\":\"2016-03-30T12:27:25+00:00\",\"dateModified\":\"2022-12-08T07:45:09+00:00\",\"inLanguage\":\"fr-FR\",\"potentialAction\":[{\"@type\":\"ReadAction\",\"target\":[\"https:\/\/swiftglobalservices-drc.com\/index.php\/protocole-voyage\/\"]}]},{\"@type\":\"WebSite\",\"@id\":\"https:\/\/swiftglobalservices-drc.com\/#website\",\"url\":\"https:\/\/swiftglobalservices-drc.com\/\",\"name\":\"Swift Global Service\",\"description\":\"Better-Faster-Smarter\",\"potentialAction\":[{\"@type\":\"SearchAction\",\"target\":{\"@type\":\"EntryPoint\",\"urlTemplate\":\"https:\/\/swiftglobalservices-drc.com\/?s={search_term_string}\"},\"query-input\":\"required name=search_term_string\"}],\"inLanguage\":\"fr-FR\"}]}<\/script>\n<!-- \/ Yoast SEO plugin. -->","yoast_head_json":{"title":"Protocole voyage - Swift Global Service","robots":{"index":"index","follow":"follow","max-snippet":"max-snippet:-1","max-image-preview":"max-image-preview:large","max-video-preview":"max-video-preview:-1"},"canonical":"https:\/\/swiftglobalservices-drc.com\/index.php\/protocole-voyage\/","og_locale":"fr_FR","og_type":"article","og_title":"Protocole voyage - Swift Global Service","og_description":"[vc_row][vc_column width=\u00a0\u00bb1\/2&Prime;][vc_custom_heading text=\u00a0\u00bbFacilitation obtention visa rdc\u00a0\u00bb font_container=\u00a0\u00bbtag:h1|text_align:left\u00a0\u00bb use_theme_fonts=\u00a0\u00bbyes\u00a0\u00bb][vc_column_text] Commandez votre\u00a0visa. en quelques clics. Envoyez-nous vos documents. de mani\u00e8re s\u00e9curis\u00e9e. Nous traitons votre demande. de\u00a0visa\u00a0aupr\u00e8s de l&rsquo;ambassade. Recevez votre\u00a0visa. de mani\u00e8re s\u00e9curis\u00e9e Grace \u00e0 nos services professionnels nous vous delivrons vos visa pour la R\u00e9publique D\u00e9mocratique du Congo[\/vc_column_text][vc_btn title=\u00a0\u00bbContactez nous\u00a0\u00bb style=\u00a0\u00bbflat\u00a0\u00bb shape=\u00a0\u00bbround\u00a0\u00bb color=\u00a0\u00bbvista-blue\u00a0\u00bb][\/vc_column][vc_column width=\u00a0\u00bb1\/2&Prime;][vc_gallery type=\u00a0\u00bbimage_grid\u00a0\u00bb images=\u00a0\u00bb8080,8081,8082,8083&Prime;...","og_url":"https:\/\/swiftglobalservices-drc.com\/index.php\/protocole-voyage\/","og_site_name":"Swift Global Service","article_modified_time":"2022-12-08T07:45:09+00:00","twitter_card":"summary_large_image","twitter_misc":{"Dur\u00e9e de lecture estim\u00e9e":"3 minutes"},"schema":{"@context":"https:\/\/schema.org","@graph":[{"@type":"WebPage","@id":"https:\/\/swiftglobalservices-drc.com\/index.php\/protocole-voyage\/","url":"https:\/\/swiftglobalservices-drc.com\/index.php\/protocole-voyage\/","name":"Protocole voyage - Swift Global Service","isPartOf":{"@id":"https:\/\/swiftglobalservices-drc.com\/#website"},"datePublished":"2016-03-30T12:27:25+00:00","dateModified":"2022-12-08T07:45:09+00:00","inLanguage":"fr-FR","potentialAction":[{"@type":"ReadAction","target":["https:\/\/swiftglobalservices-drc.com\/index.php\/protocole-voyage\/"]}]},{"@type":"WebSite","@id":"https:\/\/swiftglobalservices-drc.com\/#website","url":"https:\/\/swiftglobalservices-drc.com\/","name":"Swift Global Service","description":"Better-Faster-Smarter","potentialAction":[{"@type":"SearchAction","target":{"@type":"EntryPoint","urlTemplate":"https:\/\/swiftglobalservices-drc.com\/?s={search_term_string}"},"query-input":"required name=search_term_string"}],"inLanguage":"fr-FR"}]}},"_links":{"self":[{"href":"https:\/\/swiftglobalservices-drc.com\/index.php\/wp-json\/wp\/v2\/pages\/6587","targetHints":{"allow":["GET"]}}],"collection":[{"href":"https:\/\/swiftglobalservices-drc.com\/index.php\/wp-json\/wp\/v2\/pages"}],"about":[{"href":"https:\/\/swiftglobalservices-drc.com\/index.php\/wp-json\/wp\/v2\/types\/page"}],"author":[{"embeddable":true,"href":"https:\/\/swiftglobalservices-drc.com\/index.php\/wp-json\/wp\/v2\/users\/1"}],"replies":[{"embeddable":true,"href":"https:\/\/swiftglobalservices-drc.com\/index.php\/wp-json\/wp\/v2\/comments?post=6587"}],"version-history":[{"count":7,"href":"https:\/\/swiftglobalservices-drc.com\/index.php\/wp-json\/wp\/v2\/pages\/6587\/revisions"}],"predecessor-version":[{"id":8085,"href":"https:\/\/swiftglobalservices-drc.com\/index.php\/wp-json\/wp\/v2\/pages\/6587\/revisions\/8085"}],"wp:attachment":[{"href":"https:\/\/swiftglobalservices-drc.com\/index.php\/wp-json\/wp\/v2\/media?parent=6587"}],"curies":[{"name":"wp","href":"https:\/\/api.w.org\/{rel}","templated":true}]}}