{"id":7864,"date":"2022-11-19T12:59:52","date_gmt":"2022-11-19T11:59:52","guid":{"rendered":"https:\/\/swiftglobalservices-drc.com\/?page_id=7864"},"modified":"2022-12-08T08:12:23","modified_gmt":"2022-12-08T07:12:23","slug":"developpement","status":"publish","type":"page","link":"https:\/\/swiftglobalservices-drc.com\/index.php\/developpement\/","title":{"rendered":"Developpement"},"content":{"rendered":"<section class=\"wpb-content-wrapper\"><style type=\"text\/css\"><\/style><p>[vc_row][vc_column width=\u00a0\u00bb1\/2&Prime;][vc_hoverbox image=\u00a0\u00bb8072&Prime; primary_title=\u00a0\u00bb\u00a0\u00bb hover_title=\u00a0\u00bbCLEANING SERVICE\u00a0\u00bb]Apr\u00e8s chaque service de d\u00e9sinfection, Nous d\u00e9livrons un certificat de d\u00e9sinfection et de fumigation \u00e0 nos clients\/partenaires, approuve par le minist\u00e8re de l\u2019environnement et d\u00e9veloppement durable[\/vc_hoverbox][\/vc_column][vc_column width=\u00a0\u00bb1\/2&Prime;][vc_column_text]Dans la configuration actuelle de nos contr\u00e9s malsains, nous avons des agglom\u00e9rations chez nous qui sont teintes d\u2019insalubrit\u00e9, notre soci\u00e9t\u00e9 vous apporte des solutions cleaning qui sont durable.<\/p>\n<p>Pour r\u00e9pondre \u00e0 vos questions de d\u00e9ratisation, d\u00e9sinsectisation, propret\u00e9\u2026 le rem\u00e8de c\u2019est nous. Une \u00e9quipe de techniciens de surface comp\u00e9tents qui vont r\u00e9pondre \u00e0 vos pr\u00e9occupations de propret\u00e9 le tout dans le respect des mesures d\u2019hygi\u00e8ne.<\/p>\n<p>Apr\u00e8s chaque service de d\u00e9sinfection, Nous d\u00e9livrons un certificat de d\u00e9sinfection et de fumigation \u00e0 nos clients\/partenaires, approuve par le minist\u00e8re de l\u2019environnement et d\u00e9veloppement durable[\/vc_column_text][\/vc_column][\/vc_row][vc_row][vc_column][vc_separator][\/vc_column][\/vc_row][vc_row][vc_column width=\u00a0\u00bb1\/2&Prime;][vc_column_text]Les propri\u00e9taires passent plus de temps \u00e0 la maison et veulent faire une pause dans le nettoyage quotidien. Et les entreprises commerciales ont besoin d&rsquo;un nettoyage plus fr\u00e9quent pour maintenir un environnement s\u00fbr pour les clients et les employ\u00e9s.<\/p>\n<p>Pour vous aider \u00e0 tirer parti des opportunit\u00e9s de nettoyage, nous avons dress\u00e9 une liste des 20 principaux types de services de nettoyage, ainsi que la mani\u00e8re de les regrouper en forfaits rentables.<\/p>\n<p>Diff\u00e9rents services de nettoyage peuvent \u00eatre class\u00e9s comme nettoyage r\u00e9sidentiel ou commercial.<\/p>\n<p>Le nettoyage r\u00e9sidentiel comprend tous les types de nettoyage en entretien m\u00e9nager que vous fourniriez aux propri\u00e9taires ou aux r\u00e9sidents.[\/vc_column_text][\/vc_column][vc_column width=\u00a0\u00bb1\/2&Prime;][vc_images_carousel images=\u00a0\u00bb8073,8074&Prime; img_size=\u00a0\u00bbfull\u00a0\u00bb][\/vc_column][\/vc_row][vc_row][vc_column][vc_cta h2=\u00a0\u00bbSWIFT GLOBAL SERVICE\u00a0\u00bb]La mise en valeur de la jeunesse intellectuelle de la RDC le respect et consid\u00e9ration de la client\u00e8le, l\u2019esprit d\u2019\u00e9quipe et le partage, le sens de la responsabilit\u00e9, L\u2019\u00e9quilibre et \u00e9galit\u00e9 dans l\u2019application des droits fondamentaux, l\u00e9coute.[\/vc_cta][\/vc_column][\/vc_row]<\/p>\n<\/section>","protected":false},"excerpt":{"rendered":"<p>[vc_row][vc_column width=\u00a0\u00bb1\/2&Prime;][vc_hoverbox image=\u00a0\u00bb8072&Prime; primary_title=\u00a0\u00bb\u00a0\u00bb hover_title=\u00a0\u00bbCLEANING SERVICE\u00a0\u00bb]Apr\u00e8s chaque service de d\u00e9sinfection, Nous d\u00e9livrons un certificat de d\u00e9sinfection et de fumigation \u00e0 nos clients\/partenaires, approuve par le minist\u00e8re de l\u2019environnement et d\u00e9veloppement durable[\/vc_hoverbox][\/vc_column][vc_column width=\u00a0\u00bb1\/2&Prime;][vc_column_text]Dans la configuration actuelle de nos contr\u00e9s malsains, nous avons des agglom\u00e9rations chez nous qui sont teintes d\u2019insalubrit\u00e9, notre soci\u00e9t\u00e9 vous apporte des solutions&#8230;<\/p>\n","protected":false},"author":1,"featured_media":0,"parent":0,"menu_order":0,"comment_status":"closed","ping_status":"closed","template":"","meta":{"footnotes":""},"class_list":["post-7864","page","type-page","status-publish","hentry"],"yoast_head":"<!-- This site is optimized with the Yoast SEO plugin v19.10 - https:\/\/yoast.com\/wordpress\/plugins\/seo\/ -->\n<title>Developpement - Swift Global Service<\/title>\n<meta name=\"robots\" content=\"index, follow, max-snippet:-1, max-image-preview:large, max-video-preview:-1\" \/>\n<link rel=\"canonical\" href=\"https:\/\/swiftglobalservices-drc.com\/index.php\/developpement\/\" \/>\n<meta property=\"og:locale\" content=\"fr_FR\" \/>\n<meta property=\"og:type\" content=\"article\" \/>\n<meta property=\"og:title\" content=\"Developpement - Swift Global Service\" \/>\n<meta property=\"og:description\" content=\"[vc_row][vc_column width=\u00a0\u00bb1\/2&Prime;][vc_hoverbox image=\u00a0\u00bb8072&Prime; primary_title=\u00a0\u00bb\u00a0\u00bb hover_title=\u00a0\u00bbCLEANING SERVICE\u00a0\u00bb]Apr\u00e8s chaque service de d\u00e9sinfection, Nous d\u00e9livrons un certificat de d\u00e9sinfection et de fumigation \u00e0 nos clients\/partenaires, approuve par le minist\u00e8re de l\u2019environnement et d\u00e9veloppement durable[\/vc_hoverbox][\/vc_column][vc_column width=\u00a0\u00bb1\/2&Prime;][vc_column_text]Dans la configuration actuelle de nos contr\u00e9s malsains, nous avons des agglom\u00e9rations chez nous qui sont teintes d\u2019insalubrit\u00e9, notre soci\u00e9t\u00e9 vous apporte des solutions...\" \/>\n<meta property=\"og:url\" content=\"https:\/\/swiftglobalservices-drc.com\/index.php\/developpement\/\" \/>\n<meta property=\"og:site_name\" content=\"Swift Global Service\" \/>\n<meta property=\"article:modified_time\" content=\"2022-12-08T07:12:23+00:00\" \/>\n<meta name=\"twitter:card\" content=\"summary_large_image\" \/>\n<script type=\"application\/ld+json\" class=\"yoast-schema-graph\">{\"@context\":\"https:\/\/schema.org\",\"@graph\":[{\"@type\":\"WebPage\",\"@id\":\"https:\/\/swiftglobalservices-drc.com\/index.php\/developpement\/\",\"url\":\"https:\/\/swiftglobalservices-drc.com\/index.php\/developpement\/\",\"name\":\"Developpement - Swift Global Service\",\"isPartOf\":{\"@id\":\"https:\/\/swiftglobalservices-drc.com\/#website\"},\"datePublished\":\"2022-11-19T11:59:52+00:00\",\"dateModified\":\"2022-12-08T07:12:23+00:00\",\"inLanguage\":\"fr-FR\",\"potentialAction\":[{\"@type\":\"ReadAction\",\"target\":[\"https:\/\/swiftglobalservices-drc.com\/index.php\/developpement\/\"]}]},{\"@type\":\"WebSite\",\"@id\":\"https:\/\/swiftglobalservices-drc.com\/#website\",\"url\":\"https:\/\/swiftglobalservices-drc.com\/\",\"name\":\"Swift Global Service\",\"description\":\"Better-Faster-Smarter\",\"potentialAction\":[{\"@type\":\"SearchAction\",\"target\":{\"@type\":\"EntryPoint\",\"urlTemplate\":\"https:\/\/swiftglobalservices-drc.com\/?s={search_term_string}\"},\"query-input\":\"required name=search_term_string\"}],\"inLanguage\":\"fr-FR\"}]}<\/script>\n<!-- \/ Yoast SEO plugin. -->","yoast_head_json":{"title":"Developpement - Swift Global Service","robots":{"index":"index","follow":"follow","max-snippet":"max-snippet:-1","max-image-preview":"max-image-preview:large","max-video-preview":"max-video-preview:-1"},"canonical":"https:\/\/swiftglobalservices-drc.com\/index.php\/developpement\/","og_locale":"fr_FR","og_type":"article","og_title":"Developpement - Swift Global Service","og_description":"[vc_row][vc_column width=\u00a0\u00bb1\/2&Prime;][vc_hoverbox image=\u00a0\u00bb8072&Prime; primary_title=\u00a0\u00bb\u00a0\u00bb hover_title=\u00a0\u00bbCLEANING SERVICE\u00a0\u00bb]Apr\u00e8s chaque service de d\u00e9sinfection, Nous d\u00e9livrons un certificat de d\u00e9sinfection et de fumigation \u00e0 nos clients\/partenaires, approuve par le minist\u00e8re de l\u2019environnement et d\u00e9veloppement durable[\/vc_hoverbox][\/vc_column][vc_column width=\u00a0\u00bb1\/2&Prime;][vc_column_text]Dans la configuration actuelle de nos contr\u00e9s malsains, nous avons des agglom\u00e9rations chez nous qui sont teintes d\u2019insalubrit\u00e9, notre soci\u00e9t\u00e9 vous apporte des solutions...","og_url":"https:\/\/swiftglobalservices-drc.com\/index.php\/developpement\/","og_site_name":"Swift Global Service","article_modified_time":"2022-12-08T07:12:23+00:00","twitter_card":"summary_large_image","schema":{"@context":"https:\/\/schema.org","@graph":[{"@type":"WebPage","@id":"https:\/\/swiftglobalservices-drc.com\/index.php\/developpement\/","url":"https:\/\/swiftglobalservices-drc.com\/index.php\/developpement\/","name":"Developpement - Swift Global Service","isPartOf":{"@id":"https:\/\/swiftglobalservices-drc.com\/#website"},"datePublished":"2022-11-19T11:59:52+00:00","dateModified":"2022-12-08T07:12:23+00:00","inLanguage":"fr-FR","potentialAction":[{"@type":"ReadAction","target":["https:\/\/swiftglobalservices-drc.com\/index.php\/developpement\/"]}]},{"@type":"WebSite","@id":"https:\/\/swiftglobalservices-drc.com\/#website","url":"https:\/\/swiftglobalservices-drc.com\/","name":"Swift Global Service","description":"Better-Faster-Smarter","potentialAction":[{"@type":"SearchAction","target":{"@type":"EntryPoint","urlTemplate":"https:\/\/swiftglobalservices-drc.com\/?s={search_term_string}"},"query-input":"required name=search_term_string"}],"inLanguage":"fr-FR"}]}},"_links":{"self":[{"href":"https:\/\/swiftglobalservices-drc.com\/index.php\/wp-json\/wp\/v2\/pages\/7864","targetHints":{"allow":["GET"]}}],"collection":[{"href":"https:\/\/swiftglobalservices-drc.com\/index.php\/wp-json\/wp\/v2\/pages"}],"about":[{"href":"https:\/\/swiftglobalservices-drc.com\/index.php\/wp-json\/wp\/v2\/types\/page"}],"author":[{"embeddable":true,"href":"https:\/\/swiftglobalservices-drc.com\/index.php\/wp-json\/wp\/v2\/users\/1"}],"replies":[{"embeddable":true,"href":"https:\/\/swiftglobalservices-drc.com\/index.php\/wp-json\/wp\/v2\/comments?post=7864"}],"version-history":[{"count":4,"href":"https:\/\/swiftglobalservices-drc.com\/index.php\/wp-json\/wp\/v2\/pages\/7864\/revisions"}],"predecessor-version":[{"id":8075,"href":"https:\/\/swiftglobalservices-drc.com\/index.php\/wp-json\/wp\/v2\/pages\/7864\/revisions\/8075"}],"wp:attachment":[{"href":"https:\/\/swiftglobalservices-drc.com\/index.php\/wp-json\/wp\/v2\/media?parent=7864"}],"curies":[{"name":"wp","href":"https:\/\/api.w.org\/{rel}","templated":true}]}}