{"id":7885,"date":"2022-11-19T18:58:17","date_gmt":"2022-11-19T17:58:17","guid":{"rendered":"https:\/\/swiftglobalservices-drc.com\/?page_id=7885"},"modified":"2022-12-08T11:10:09","modified_gmt":"2022-12-08T10:10:09","slug":"historique","status":"publish","type":"page","link":"https:\/\/swiftglobalservices-drc.com\/index.php\/historique\/","title":{"rendered":"Historique &#8211; Mission &#8211; Vision"},"content":{"rendered":"<section class=\"wpb-content-wrapper\"><style type=\"text\/css\"><\/style><p>[vc_row][vc_column][vc_tta_tabs][vc_tta_section i_icon_fontawesome=\u00a0\u00bbfas fa-history\u00a0\u00bb add_icon=\u00a0\u00bbtrue\u00a0\u00bb title=\u00a0\u00bbNOTRE HISTORIQUE\u00a0\u00bb tab_id=\u00a0\u00bb1669450822020-cd2ef8b2-e19c\u00a0\u00bb][vc_row_inner][vc_column_inner width=\u00a0\u00bb1\/2&Prime;][vc_single_image image=\u00a0\u00bb8035&Prime; img_size=\u00a0\u00bbfull\u00a0\u00bb][\/vc_column_inner][vc_column_inner width=\u00a0\u00bb1\/2&Prime;][vc_text_separator title=\u00a0\u00bbVOICI COMMENT NOUS AVONS COMMENCE\u00a0\u00bb][vc_column_text]I am text block. Click edit button to change this text. Lorem ipsum dolor sit amet, consectetur adipiscing elit. Ut elit tellus, luctus nec ullamcorper mattis, pulvinar dapibus leo. I am text block. Click edit button to change this text. Lorem ipsum dolor sit amet, consectetur adipiscing elit. Ut elit tellus, luctus nec ullamcorper mattis, pulvinar dapibus leo. I am text block. Click edit button to change this text. Lorem ipsum dolor sit amet, consectetur adipiscing elit. Ut elit tellus, luctus nec ullamcorper mattis, pulvinar dapibus leo. I am text block.<\/p>\n<p>Click edit button to change this text. Lorem ipsum dolor sit amet, consectetur adipiscing elit. Ut elit tellus, luctus nec ullamcorper mattis, pulvinar dapibus leo. I am text block. Click edit button to change this text. Lorem ipsum dolor sit amet, consectetur adipiscing elit. Ut elit tellus, luctus nec ullamcorper mattis, pulvinar dapibus leo.<\/p>\n<p>I am text block. Click edit button to change this text. Lorem ipsum dolor sit amet, consectetur adipiscing elit. Ut elit tellus, luctus nec ullamcorper mattis, pulvinar dapibus leo.[\/vc_column_text][\/vc_column_inner][\/vc_row_inner][vc_column_text]I am text block. Click edit button to change this text. Lorem ipsum dolor sit amet, consectetur adipiscing elit. Ut elit tellus, luctus nec ullamcorper mattis, pulvinar dapibus leo. I am text block. Click edit button to change this text. Lorem ipsum dolor sit amet, consectetur adipiscing elit. Ut elit tellus, luctus nec ullamcorper mattis, pulvinar dapibus leo. I am text block. Click edit button to change this text. Lorem ipsum dolor sit amet, consectetur adipiscing elit. Ut elit tellus, luctus nec ullamcorper mattis, pulvinar dapibus leo.[\/vc_column_text][vc_text_separator title=\u00a0\u00bbANNEE 2022&Prime;][vc_column_text]I am text block. Click edit button to change this text. Lorem ipsum dolor sit amet, consectetur adipiscing elit. Ut elit tellus, luctus nec ullamcorper mattis, pulvinar dapibus leo. I am text block. Click edit button to change this text. Lorem ipsum dolor sit amet, consectetur adipiscing elit. Ut elit tellus, luctus nec ullamcorper mattis, pulvinar dapibus leo.<\/p>\n<p>I am text block. Click edit button to change this text. Lorem ipsum dolor sit amet, consectetur adipiscing elit. Ut elit tellus, luctus nec ullamcorper mattis, pulvinar dapibus leo. I am text block. Click edit button to change this text. Lorem ipsum dolor sit amet, consectetur adipiscing elit. Ut elit tellus, luctus nec ullamcorper mattis, pulvinar dapibus leo.[\/vc_column_text][\/vc_tta_section][vc_tta_section i_icon_fontawesome=\u00a0\u00bbfas fa-sync-alt\u00a0\u00bb add_icon=\u00a0\u00bbtrue\u00a0\u00bb title=\u00a0\u00bbNOTRE MISSION\u00a0\u00bb tab_id=\u00a0\u00bb1669450822020-53abce42-93a0&Prime;][vc_row_inner][vc_column_inner width=\u00a0\u00bb1\/2&Prime;][vc_single_image image=\u00a0\u00bb8040&Prime; img_size=\u00a0\u00bbfull\u00a0\u00bb][\/vc_column_inner][vc_column_inner width=\u00a0\u00bb1\/2&Prime;][vc_text_separator title=\u00a0\u00bbLA MISSION DE SGS\u00a0\u00bb][vc_column_text]Nous voulons accroitre et p\u00e9renniser la capacit\u00e9 op\u00e9rationnelle de nos services par des solutions appropri\u00e9es, nous s\u00e9lectionnons vos besoins, \u00e9tudions ces besoins et vous proposons des solutions.<\/p>\n<p class=\"v1MsoListParagraphCxSpMiddle\">\n<p class=\"v1MsoListParagraphCxSpMiddle\">La mise en valeur de la jeunesse intellectuelle de la RDC le respect et consid\u00e9ration de la client\u00e8le, l&rsquo;esprit d&rsquo;\u00e9quipe et le partage<\/p>\n<p class=\"v1MsoListParagraphCxSpMiddle\">Le sens de la responsabilit\u00e9, L&rsquo;\u00e9quilibre et \u00e9galit\u00e9 dans l&rsquo;application des droits fondamentaux.<\/p>\n<p class=\"v1MsoListParagraphCxSpMiddle\">L&rsquo;\u00e9coute.<\/p>\n<p class=\"v1MsoListParagraphCxSpMiddle\">Respect | Priorit\u00e9 \u00e0 la client\u00e8le | Responsabilit\u00e9 financi\u00e8re | Equilibre | Ecoute<\/p>\n<p>Notre but est : Offrir des services de haute qualit\u00e9 pour une grande satisfaction de nos clients.[\/vc_column_text][\/vc_column_inner][\/vc_row_inner][vc_text_separator title=\u00a0\u00bbNOUS AVONS COMME MISSION\u00a0\u00bb][vc_column_text]<\/p>\n<ul>\n<li class=\"mce_icon_openner\">Nous voulons accroitre et p\u00e9renniser la capacit\u00e9 op\u00e9rationnelle de nos services par des solutions appropri\u00e9es, nous s\u00e9lectionnons vos besoins, \u00e9tudions ces besoins et vous proposons des solutions.<\/li>\n<\/ul>\n<p>POURQUOI NOUS CHOISIR ?<\/p>\n<ul>\n<li>Notre capacit\u00e9 \u00e0 d\u00e9tecter, \u00e9tudier et r\u00e9pondre d&rsquo;une mani\u00e8re rapide \u00e0 vos besoins, Nous sommes professionnels dans nos domaines d&rsquo;intervention,<\/li>\n<li class=\"v1MsoListParagraphCxSpMiddle\">Nous sommes l\u00e0 pour soutenir nos partenaires \u00e0 r\u00e9soudre de mani\u00e8re efficace et efficiente leurs probl\u00e8mes li\u00e9s \u00e0 la viabilit\u00e9 de leurs entreprises,<\/li>\n<li class=\"v1MsoListParagraphCxSpLast\">Nos prix sur le march\u00e9 d\u00e9fient toute concurrence.<\/li>\n<\/ul>\n<p>[\/vc_column_text][\/vc_tta_section][vc_tta_section i_icon_fontawesome=\u00a0\u00bbfas fa-chart-line\u00a0\u00bb add_icon=\u00a0\u00bbtrue\u00a0\u00bb title=\u00a0\u00bbNOTRE VISION\u00a0\u00bb tab_id=\u00a0\u00bb1669451513359-a57f06b7-fd19&Prime;][vc_row_inner][vc_column_inner width=\u00a0\u00bb1\/2&Prime;][vc_single_image image=\u00a0\u00bb8038&Prime; img_size=\u00a0\u00bbfull\u00a0\u00bb][\/vc_column_inner][vc_column_inner width=\u00a0\u00bb1\/2&Prime;][vc_text_separator title=\u00a0\u00bbLA VISION DE NOTRE ENTREPRISE\u00a0\u00bb][vc_column_text]Notre vision consiste \u00e0 couvrir les besoins de nos clients en les satisfaisants totalement jusqu&rsquo;\u00e0 un niveau de 200 % D\u00e9velopper les services par rapport \u00e0 la vitesse d&rsquo;\u00e9volution au niveau internationale, accomplir des services les plus difficiles et sensible par une main d&rsquo;\u0153uvre simple et facile. L&rsquo;auto d\u00e9veloppement personnel ou individuel afin d&rsquo;acqu\u00e9rir une capacit\u00e9 de r\u00e9soudre si rapidement des probl\u00e8mes de clients.<\/p>\n<p>Nous sommes dans un environnement o\u00f9 l\u2019ins\u00e9curit\u00e9 bat son record, SWIFT a beau s\u2019\u00e9vertuer pour r\u00e9duire tant soit peu la teneur li\u00e9e \u00e0 cette situation d\u2019ins\u00e9curit\u00e9 en mettant \u00e0 la disposition de population congolaise et aux organismes internationaux des gardiens biens form\u00e9 avec des mat\u00e9riels ad-hoc.<\/p>\n<p>Nos gardiens s\u2019occupent non seulement de votre s\u00e9curit\u00e9 et celle de vos biens mais aussi la gestion administrative de votre (r\u00e9ception, accueil, secr\u00e9tariat,) La surveillance technique de vos immeubles et \u00e9quipements fait notre grande pr\u00e9occupation.[\/vc_column_text][\/vc_column_inner][\/vc_row_inner][vc_separator][vc_text_separator title=\u00a0\u00bbCE QUE NOUS AVONS COMME VISION\u00a0\u00bb][vc_toggle title=\u00a0\u00bbNOTRE PHILOSOPHIE\u00a0\u00bb]Faire le mieux possible pour satisfaire \u00e0 la demande par l&rsquo;auto d\u00e9veloppement intellectuel qui am\u00e8ne \u00e0 l&rsquo;assurance de la qualit\u00e9 de service \u00e0 rendre pour la satisfaction totale du client.[\/vc_toggle][vc_toggle title=\u00a0\u00bbPOURQUOI NOUS ?\u00a0\u00bb]<\/p>\n<ul>\n<li class=\"v1MsoListParagraphCxSpMiddle\">Notre capacit\u00e9 \u00e0 d\u00e9tecter, \u00e9tudier et r\u00e9pondre d&rsquo;une mani\u00e8re rapide \u00e0 vos besoins, Nous sommes professionnels dans nos domaines d&rsquo;intervention,<\/li>\n<li class=\"v1MsoListParagraphCxSpMiddle\">Nous sommes l\u00e0 pour soutenir nos partenaires \u00e0 r\u00e9soudre de mani\u00e8re efficace et efficiente leurs probl\u00e8mes li\u00e9s \u00e0 la viabilit\u00e9 de leurs entreprises,<\/li>\n<li class=\"v1MsoListParagraphCxSpLast\">Nos prix sur le march\u00e9 d\u00e9fient toute concurrence.<\/li>\n<\/ul>\n<p>[\/vc_toggle][vc_toggle title=\u00a0\u00bbNOTRE DEVISE\u00a0\u00bb]\u00ab<b>\u00a0Mieux, plus vite, plus intelligemment<\/b>\u00a0\u00bb[\/vc_toggle][\/vc_tta_section][\/vc_tta_tabs][\/vc_column][\/vc_row]<\/p>\n<\/section>","protected":false},"excerpt":{"rendered":"<p>[vc_row][vc_column][vc_tta_tabs][vc_tta_section i_icon_fontawesome=\u00a0\u00bbfas fa-history\u00a0\u00bb add_icon=\u00a0\u00bbtrue\u00a0\u00bb title=\u00a0\u00bbNOTRE HISTORIQUE\u00a0\u00bb tab_id=\u00a0\u00bb1669450822020-cd2ef8b2-e19c\u00a0\u00bb][vc_row_inner][vc_column_inner width=\u00a0\u00bb1\/2&Prime;][vc_single_image image=\u00a0\u00bb8035&Prime; img_size=\u00a0\u00bbfull\u00a0\u00bb][\/vc_column_inner][vc_column_inner width=\u00a0\u00bb1\/2&Prime;][vc_text_separator title=\u00a0\u00bbVOICI COMMENT NOUS AVONS COMMENCE\u00a0\u00bb][vc_column_text]I am text block. Click edit button to change this text. Lorem ipsum dolor sit amet, consectetur adipiscing elit. Ut elit tellus, luctus nec ullamcorper mattis, pulvinar dapibus leo. I am text block. Click edit button to change this text&#8230;.<\/p>\n","protected":false},"author":1,"featured_media":0,"parent":0,"menu_order":0,"comment_status":"closed","ping_status":"closed","template":"","meta":{"footnotes":""},"class_list":["post-7885","page","type-page","status-publish","hentry"],"yoast_head":"<!-- This site is optimized with the Yoast SEO plugin v19.10 - https:\/\/yoast.com\/wordpress\/plugins\/seo\/ -->\n<title>Historique - Mission - Vision - Swift Global Service<\/title>\n<meta name=\"robots\" content=\"index, follow, max-snippet:-1, max-image-preview:large, max-video-preview:-1\" \/>\n<link rel=\"canonical\" href=\"https:\/\/swiftglobalservices-drc.com\/index.php\/historique\/\" \/>\n<meta property=\"og:locale\" content=\"fr_FR\" \/>\n<meta property=\"og:type\" content=\"article\" \/>\n<meta property=\"og:title\" content=\"Historique - Mission - Vision - Swift Global Service\" \/>\n<meta property=\"og:description\" content=\"[vc_row][vc_column][vc_tta_tabs][vc_tta_section i_icon_fontawesome=\u00a0\u00bbfas fa-history\u00a0\u00bb add_icon=\u00a0\u00bbtrue\u00a0\u00bb title=\u00a0\u00bbNOTRE HISTORIQUE\u00a0\u00bb tab_id=\u00a0\u00bb1669450822020-cd2ef8b2-e19c\u00a0\u00bb][vc_row_inner][vc_column_inner width=\u00a0\u00bb1\/2&Prime;][vc_single_image image=\u00a0\u00bb8035&Prime; img_size=\u00a0\u00bbfull\u00a0\u00bb][\/vc_column_inner][vc_column_inner width=\u00a0\u00bb1\/2&Prime;][vc_text_separator title=\u00a0\u00bbVOICI COMMENT NOUS AVONS COMMENCE\u00a0\u00bb][vc_column_text]I am text block. Click edit button to change this text. Lorem ipsum dolor sit amet, consectetur adipiscing elit. Ut elit tellus, luctus nec ullamcorper mattis, pulvinar dapibus leo. I am text block. Click edit button to change this text....\" \/>\n<meta property=\"og:url\" content=\"https:\/\/swiftglobalservices-drc.com\/index.php\/historique\/\" \/>\n<meta property=\"og:site_name\" content=\"Swift Global Service\" \/>\n<meta property=\"article:modified_time\" content=\"2022-12-08T10:10:09+00:00\" \/>\n<meta name=\"twitter:card\" content=\"summary_large_image\" \/>\n<script type=\"application\/ld+json\" class=\"yoast-schema-graph\">{\"@context\":\"https:\/\/schema.org\",\"@graph\":[{\"@type\":\"WebPage\",\"@id\":\"https:\/\/swiftglobalservices-drc.com\/index.php\/historique\/\",\"url\":\"https:\/\/swiftglobalservices-drc.com\/index.php\/historique\/\",\"name\":\"Historique - Mission - Vision - Swift Global Service\",\"isPartOf\":{\"@id\":\"https:\/\/swiftglobalservices-drc.com\/#website\"},\"datePublished\":\"2022-11-19T17:58:17+00:00\",\"dateModified\":\"2022-12-08T10:10:09+00:00\",\"inLanguage\":\"fr-FR\",\"potentialAction\":[{\"@type\":\"ReadAction\",\"target\":[\"https:\/\/swiftglobalservices-drc.com\/index.php\/historique\/\"]}]},{\"@type\":\"WebSite\",\"@id\":\"https:\/\/swiftglobalservices-drc.com\/#website\",\"url\":\"https:\/\/swiftglobalservices-drc.com\/\",\"name\":\"Swift Global Service\",\"description\":\"Better-Faster-Smarter\",\"potentialAction\":[{\"@type\":\"SearchAction\",\"target\":{\"@type\":\"EntryPoint\",\"urlTemplate\":\"https:\/\/swiftglobalservices-drc.com\/?s={search_term_string}\"},\"query-input\":\"required name=search_term_string\"}],\"inLanguage\":\"fr-FR\"}]}<\/script>\n<!-- \/ Yoast SEO plugin. -->","yoast_head_json":{"title":"Historique - Mission - Vision - Swift Global Service","robots":{"index":"index","follow":"follow","max-snippet":"max-snippet:-1","max-image-preview":"max-image-preview:large","max-video-preview":"max-video-preview:-1"},"canonical":"https:\/\/swiftglobalservices-drc.com\/index.php\/historique\/","og_locale":"fr_FR","og_type":"article","og_title":"Historique - Mission - Vision - Swift Global Service","og_description":"[vc_row][vc_column][vc_tta_tabs][vc_tta_section i_icon_fontawesome=\u00a0\u00bbfas fa-history\u00a0\u00bb add_icon=\u00a0\u00bbtrue\u00a0\u00bb title=\u00a0\u00bbNOTRE HISTORIQUE\u00a0\u00bb tab_id=\u00a0\u00bb1669450822020-cd2ef8b2-e19c\u00a0\u00bb][vc_row_inner][vc_column_inner width=\u00a0\u00bb1\/2&Prime;][vc_single_image image=\u00a0\u00bb8035&Prime; img_size=\u00a0\u00bbfull\u00a0\u00bb][\/vc_column_inner][vc_column_inner width=\u00a0\u00bb1\/2&Prime;][vc_text_separator title=\u00a0\u00bbVOICI COMMENT NOUS AVONS COMMENCE\u00a0\u00bb][vc_column_text]I am text block. Click edit button to change this text. Lorem ipsum dolor sit amet, consectetur adipiscing elit. Ut elit tellus, luctus nec ullamcorper mattis, pulvinar dapibus leo. I am text block. Click edit button to change this text....","og_url":"https:\/\/swiftglobalservices-drc.com\/index.php\/historique\/","og_site_name":"Swift Global Service","article_modified_time":"2022-12-08T10:10:09+00:00","twitter_card":"summary_large_image","schema":{"@context":"https:\/\/schema.org","@graph":[{"@type":"WebPage","@id":"https:\/\/swiftglobalservices-drc.com\/index.php\/historique\/","url":"https:\/\/swiftglobalservices-drc.com\/index.php\/historique\/","name":"Historique - Mission - Vision - Swift Global Service","isPartOf":{"@id":"https:\/\/swiftglobalservices-drc.com\/#website"},"datePublished":"2022-11-19T17:58:17+00:00","dateModified":"2022-12-08T10:10:09+00:00","inLanguage":"fr-FR","potentialAction":[{"@type":"ReadAction","target":["https:\/\/swiftglobalservices-drc.com\/index.php\/historique\/"]}]},{"@type":"WebSite","@id":"https:\/\/swiftglobalservices-drc.com\/#website","url":"https:\/\/swiftglobalservices-drc.com\/","name":"Swift Global Service","description":"Better-Faster-Smarter","potentialAction":[{"@type":"SearchAction","target":{"@type":"EntryPoint","urlTemplate":"https:\/\/swiftglobalservices-drc.com\/?s={search_term_string}"},"query-input":"required name=search_term_string"}],"inLanguage":"fr-FR"}]}},"_links":{"self":[{"href":"https:\/\/swiftglobalservices-drc.com\/index.php\/wp-json\/wp\/v2\/pages\/7885","targetHints":{"allow":["GET"]}}],"collection":[{"href":"https:\/\/swiftglobalservices-drc.com\/index.php\/wp-json\/wp\/v2\/pages"}],"about":[{"href":"https:\/\/swiftglobalservices-drc.com\/index.php\/wp-json\/wp\/v2\/types\/page"}],"author":[{"embeddable":true,"href":"https:\/\/swiftglobalservices-drc.com\/index.php\/wp-json\/wp\/v2\/users\/1"}],"replies":[{"embeddable":true,"href":"https:\/\/swiftglobalservices-drc.com\/index.php\/wp-json\/wp\/v2\/comments?post=7885"}],"version-history":[{"count":7,"href":"https:\/\/swiftglobalservices-drc.com\/index.php\/wp-json\/wp\/v2\/pages\/7885\/revisions"}],"predecessor-version":[{"id":8120,"href":"https:\/\/swiftglobalservices-drc.com\/index.php\/wp-json\/wp\/v2\/pages\/7885\/revisions\/8120"}],"wp:attachment":[{"href":"https:\/\/swiftglobalservices-drc.com\/index.php\/wp-json\/wp\/v2\/media?parent=7885"}],"curies":[{"name":"wp","href":"https:\/\/api.w.org\/{rel}","templated":true}]}}