{"id":8014,"date":"2022-11-25T07:09:39","date_gmt":"2022-11-25T06:09:39","guid":{"rendered":"https:\/\/swiftglobalservices-drc.com\/?page_id=8014"},"modified":"2022-12-13T18:13:25","modified_gmt":"2022-12-13T17:13:25","slug":"8014-2","status":"publish","type":"page","link":"https:\/\/swiftglobalservices-drc.com\/index.php\/8014-2\/","title":{"rendered":"Contactez-nous"},"content":{"rendered":"<section class=\"wpb-content-wrapper\"><style type=\"text\/css\"><\/style><p>[vc_row][vc_column width=\u00a0\u00bb1\/2&Prime;][vc_single_image image=\u00a0\u00bb8070&Prime; img_size=\u00a0\u00bbfull\u00a0\u00bb][\/vc_column][vc_column width=\u00a0\u00bb1\/2&Prime;][vc_gmaps link=\u00a0\u00bb#E-8_JTNDaWZyYW1lJTIwc3R5bGUlM0QlMjJib3JkZXIlM0ElMjAwJTNCJTIyJTIwc3JjJTNEJTIyaHR0cHMlM0ElMkYlMkZ3d3cuZ29vZ2xlLmNvbSUyRm1hcHMlMkZlbWJlZCUzRnBiJTNEJTIxMW0xNCUyMTFtOCUyMTFtMyUyMTFkMTU5NTIuMzcyNzA0NzY5MDUyJTIxMmQyOS4yMzY1MTIxJTIxM2QtMS42ODQ5NTkzJTIxM20yJTIxMWkxMDI0JTIxMmk3NjglMjE0ZjEzLjElMjEzbTMlMjExbTIlMjExczB4MCUyNTNBMHhhMTAxYTI4NTVlZWNjMzEwJTIxMnNTV0lGVCUyNTIwR0xPQkFMJTI1MjBTRVJWSUNFJTI1MjBTLkEuUi5MJTIxNWUwJTIxM20yJTIxMXNlbiUyMTJzY2QlMjE0djE2NzA5NTA4Mzg4NTklMjE1bTIlMjExc2VuJTIxMnNjZCUyMiUyMHdpZHRoJTNEJTIyMTAwJTI1JTIyJTIwaGVpZ2h0JTNEJTIyYXV0byUyMiUyMHN0eWxlJTNEJTIyYm9yZGVyJTNBMCUzQiUyMiUyMGFsbG93ZnVsbHNjcmVlbiUzRCUyMiUyMiUyMGxvYWRpbmclM0QlMjJsYXp5JTIyJTIwcmVmZXJyZXJwb2xpY3klM0QlMjJuby1yZWZlcnJlci13aGVuLWRvd25ncmFkZSUyMiUzRSUyMiUyMGZyYW1lYm9yZGVyJTNEJTIyMCUyMiUyMGFsbG93ZnVsbHNjcmVlbiUzRCUyMmFsbG93ZnVsbHNjcmVlbiUyMiUzRSUzQyUyRmlmcmFtZSUzRQ==\u00a0\u00bb size=\u00a0\u00bb\u00a0\u00bb title=\u00a0\u00bbNOUS SOMMES PARTOUT EN RDC\u00a0\u00bb][\/vc_column][\/vc_row][vc_row][vc_column width=\u00a0\u00bb2\/3&Prime;][vc_column_text]<\/p>\n<h3>NOUS AVONS BESOIN DE VOUS ECOUTER<\/h3>\n<h4>LAISSEZ NOUS VOTRE MESSAGE<\/h4>\n<p>[\/vc_column_text]<div role=\"form\" class=\"wpcf7\" id=\"wpcf7-f6-o1\" lang=\"fr-FR\" dir=\"ltr\">\n<div class=\"screen-reader-response\"><p role=\"status\" aria-live=\"polite\" aria-atomic=\"true\"><\/p> <ul><\/ul><\/div>\n<form action=\"\/index.php\/wp-json\/wp\/v2\/pages\/8014#wpcf7-f6-o1\" method=\"post\" class=\"wpcf7-form init\" novalidate=\"novalidate\" data-status=\"init\">\n<div style=\"display: none;\">\n<input type=\"hidden\" name=\"_wpcf7\" value=\"6\" \/>\n<input type=\"hidden\" name=\"_wpcf7_version\" value=\"5.6.4\" \/>\n<input type=\"hidden\" name=\"_wpcf7_locale\" value=\"fr_FR\" \/>\n<input type=\"hidden\" name=\"_wpcf7_unit_tag\" value=\"wpcf7-f6-o1\" \/>\n<input type=\"hidden\" name=\"_wpcf7_container_post\" value=\"0\" \/>\n<input type=\"hidden\" name=\"_wpcf7_posted_data_hash\" value=\"\" \/>\n<\/div>\n<p><label> Votre nom<br \/>\n    <span class=\"wpcf7-form-control-wrap\" data-name=\"your-name\"><input type=\"text\" name=\"your-name\" value=\"\" size=\"40\" class=\"wpcf7-form-control wpcf7-text wpcf7-validates-as-required\" aria-required=\"true\" aria-invalid=\"false\" \/><\/span> <\/label><\/p>\n<p><label> Votre e-mail<br \/>\n    <span class=\"wpcf7-form-control-wrap\" data-name=\"your-email\"><input type=\"email\" name=\"your-email\" value=\"\" size=\"40\" class=\"wpcf7-form-control wpcf7-text wpcf7-email wpcf7-validates-as-required wpcf7-validates-as-email\" aria-required=\"true\" aria-invalid=\"false\" \/><\/span> <\/label><\/p>\n<p><label> Objet<br \/>\n    <span class=\"wpcf7-form-control-wrap\" data-name=\"your-subject\"><input type=\"text\" name=\"your-subject\" value=\"\" size=\"40\" class=\"wpcf7-form-control wpcf7-text wpcf7-validates-as-required\" aria-required=\"true\" aria-invalid=\"false\" \/><\/span> <\/label><\/p>\n<p><label> Votre message (facultatif)<br \/>\n    <span class=\"wpcf7-form-control-wrap\" data-name=\"your-message\"><textarea name=\"your-message\" cols=\"40\" rows=\"10\" class=\"wpcf7-form-control wpcf7-textarea\" aria-invalid=\"false\"><\/textarea><\/span> <\/label><\/p>\n<p><input type=\"submit\" value=\"Envoyer\" class=\"wpcf7-form-control has-spinner wpcf7-submit\" \/><\/p>\n<p style=\"display: none !important;\"><label>&#916;<textarea name=\"_wpcf7_ak_hp_textarea\" cols=\"45\" rows=\"8\" maxlength=\"100\"><\/textarea><\/label><input type=\"hidden\" id=\"ak_js_1\" name=\"_wpcf7_ak_js\" value=\"208\"\/><script>document.getElementById( \"ak_js_1\" ).setAttribute( \"value\", ( new Date() ).getTime() );<\/script><\/p><div class=\"wpcf7-response-output\" aria-hidden=\"true\"><\/div><\/form><\/div>[\/vc_column][vc_column width=\u00a0\u00bb1\/3&Prime;][vc_column_text]<\/p>\n<h3>NOS ADRESSES :<\/h3>\n<p>[\/vc_column_text][vc_separator][vc_column_text]<\/p>\n<p class=\"mce_icon_openner\"><div class=\"icon_element_outer_alignleft alignleft\"><div class=\"icon_element_inner icon_lib_gmi\" ><span class=\"icon_element_icon_size_xs icon_element_icon material-icons mail\" style=\"color:#1e73be !important;\" >mail<\/span><\/div><\/div> contact@swiftglobalserices-drc.com<\/p>\n<p class=\"mce_icon_openner\"><div class=\"icon_element_outer_alignleft alignleft\"><div class=\"icon_element_inner icon_lib_gmi\" ><span class=\"icon_element_icon_size_xs icon_element_icon material-icons phone\" style=\"color:#1e73be !important;\" >phone<\/span><\/div><\/div>+243 976 004 250<\/p>\n<p>[\/vc_column_text][vc_separator][vc_column_text]GOMA<\/p>\n<p>Av. Grevelias, N.012. Com. Goma<\/p>\n<p>KINSHASA<\/p>\n<p>Av. Grevelias, N.012. Com. Goma<\/p>\n<p>LUBUMBASHI<\/p>\n<p>Av. Grevelias, N.012. Com. Goma<\/p>\n<p>ITURI<\/p>\n<p>Av. Grevelias, N.012. Com. Goma<\/p>\n<p>BUKAVU<\/p>\n<p>Av. Grevelias, N.012. Com. Goma<\/p>\n<p>TANGANYIKA<\/p>\n<p>Av. Grevelias, N.012. Com. Goma<\/p>\n<p>KALEMIE<\/p>\n<p>Av. Grevelias, N.012. Com. Goma[\/vc_column_text][\/vc_column][\/vc_row][vc_row][vc_column][vc_message]SWIFT GLOBAL SERVICE SARL, une soci\u00e9t\u00e9 de vente des services, intervenant dans plusieurs domaines, elle est bas\u00e9e \u00e0 Goma, dans la Province du Nord-Kivu, en R\u00e9publique D\u00e9mocratique Du Congo. Fond\u00e9e en 2019 par madame Christine NGABA NGANGE[\/vc_message][\/vc_column][\/vc_row]<\/p>\n<\/section>","protected":false},"excerpt":{"rendered":"<p>[vc_row][vc_column width=\u00a0\u00bb1\/2&Prime;][vc_single_image image=\u00a0\u00bb8070&Prime; img_size=\u00a0\u00bbfull\u00a0\u00bb][\/vc_column][vc_column width=\u00a0\u00bb1\/2&Prime;][vc_gmaps link=\u00a0\u00bb#E-8_JTNDaWZyYW1lJTIwc3R5bGUlM0QlMjJib3JkZXIlM0ElMjAwJTNCJTIyJTIwc3JjJTNEJTIyaHR0cHMlM0ElMkYlMkZ3d3cuZ29vZ2xlLmNvbSUyRm1hcHMlMkZlbWJlZCUzRnBiJTNEJTIxMW0xNCUyMTFtOCUyMTFtMyUyMTFkMTU5NTIuMzcyNzA0NzY5MDUyJTIxMmQyOS4yMzY1MTIxJTIxM2QtMS42ODQ5NTkzJTIxM20yJTIxMWkxMDI0JTIxMmk3NjglMjE0ZjEzLjElMjEzbTMlMjExbTIlMjExczB4MCUyNTNBMHhhMTAxYTI4NTVlZWNjMzEwJTIxMnNTV0lGVCUyNTIwR0xPQkFMJTI1MjBTRVJWSUNFJTI1MjBTLkEuUi5MJTIxNWUwJTIxM20yJTIxMXNlbiUyMTJzY2QlMjE0djE2NzA5NTA4Mzg4NTklMjE1bTIlMjExc2VuJTIxMnNjZCUyMiUyMHdpZHRoJTNEJTIyMTAwJTI1JTIyJTIwaGVpZ2h0JTNEJTIyYXV0byUyMiUyMHN0eWxlJTNEJTIyYm9yZGVyJTNBMCUzQiUyMiUyMGFsbG93ZnVsbHNjcmVlbiUzRCUyMiUyMiUyMGxvYWRpbmclM0QlMjJsYXp5JTIyJTIwcmVmZXJyZXJwb2xpY3klM0QlMjJuby1yZWZlcnJlci13aGVuLWRvd25ncmFkZSUyMiUzRSUyMiUyMGZyYW1lYm9yZGVyJTNEJTIyMCUyMiUyMGFsbG93ZnVsbHNjcmVlbiUzRCUyMmFsbG93ZnVsbHNjcmVlbiUyMiUzRSUzQyUyRmlmcmFtZSUzRQ==\u00a0\u00bb size=\u00a0\u00bb\u00a0\u00bb title=\u00a0\u00bbNOUS SOMMES PARTOUT EN RDC\u00a0\u00bb][\/vc_column][\/vc_row][vc_row][vc_column width=\u00a0\u00bb2\/3&Prime;][vc_column_text] NOUS AVONS BESOIN DE VOUS ECOUTER LAISSEZ NOUS VOTRE MESSAGE [\/vc_column_text][\/vc_column][vc_column width=\u00a0\u00bb1\/3&Prime;][vc_column_text] NOS ADRESSES : [\/vc_column_text][vc_separator][vc_column_text] contact@swiftglobalserices-drc.com +243 976 004 250 [\/vc_column_text][vc_separator][vc_column_text]GOMA Av. Grevelias, N.012. Com. Goma KINSHASA Av. Grevelias, N.012. Com. Goma LUBUMBASHI Av. Grevelias, N.012. Com. Goma ITURI Av. Grevelias,&#8230;<\/p>\n","protected":false},"author":1,"featured_media":0,"parent":0,"menu_order":0,"comment_status":"closed","ping_status":"closed","template":"","meta":{"footnotes":""},"class_list":["post-8014","page","type-page","status-publish","hentry"],"yoast_head":"<!-- This site is optimized with the Yoast SEO plugin v19.10 - https:\/\/yoast.com\/wordpress\/plugins\/seo\/ -->\n<title>Contactez-nous - Swift Global Service<\/title>\n<meta name=\"robots\" content=\"index, follow, max-snippet:-1, max-image-preview:large, max-video-preview:-1\" \/>\n<link rel=\"canonical\" href=\"https:\/\/swiftglobalservices-drc.com\/index.php\/8014-2\/\" \/>\n<meta property=\"og:locale\" content=\"fr_FR\" \/>\n<meta property=\"og:type\" content=\"article\" \/>\n<meta property=\"og:title\" content=\"Contactez-nous - Swift Global Service\" \/>\n<meta property=\"og:description\" content=\"[vc_row][vc_column width=\u00a0\u00bb1\/2&Prime;][vc_single_image image=\u00a0\u00bb8070&Prime; img_size=\u00a0\u00bbfull\u00a0\u00bb][\/vc_column][vc_column width=\u00a0\u00bb1\/2&Prime;][vc_gmaps link=\u00a0\u00bb#E-8_JTNDaWZyYW1lJTIwc3R5bGUlM0QlMjJib3JkZXIlM0ElMjAwJTNCJTIyJTIwc3JjJTNEJTIyaHR0cHMlM0ElMkYlMkZ3d3cuZ29vZ2xlLmNvbSUyRm1hcHMlMkZlbWJlZCUzRnBiJTNEJTIxMW0xNCUyMTFtOCUyMTFtMyUyMTFkMTU5NTIuMzcyNzA0NzY5MDUyJTIxMmQyOS4yMzY1MTIxJTIxM2QtMS42ODQ5NTkzJTIxM20yJTIxMWkxMDI0JTIxMmk3NjglMjE0ZjEzLjElMjEzbTMlMjExbTIlMjExczB4MCUyNTNBMHhhMTAxYTI4NTVlZWNjMzEwJTIxMnNTV0lGVCUyNTIwR0xPQkFMJTI1MjBTRVJWSUNFJTI1MjBTLkEuUi5MJTIxNWUwJTIxM20yJTIxMXNlbiUyMTJzY2QlMjE0djE2NzA5NTA4Mzg4NTklMjE1bTIlMjExc2VuJTIxMnNjZCUyMiUyMHdpZHRoJTNEJTIyMTAwJTI1JTIyJTIwaGVpZ2h0JTNEJTIyYXV0byUyMiUyMHN0eWxlJTNEJTIyYm9yZGVyJTNBMCUzQiUyMiUyMGFsbG93ZnVsbHNjcmVlbiUzRCUyMiUyMiUyMGxvYWRpbmclM0QlMjJsYXp5JTIyJTIwcmVmZXJyZXJwb2xpY3klM0QlMjJuby1yZWZlcnJlci13aGVuLWRvd25ncmFkZSUyMiUzRSUyMiUyMGZyYW1lYm9yZGVyJTNEJTIyMCUyMiUyMGFsbG93ZnVsbHNjcmVlbiUzRCUyMmFsbG93ZnVsbHNjcmVlbiUyMiUzRSUzQyUyRmlmcmFtZSUzRQ==\u00a0\u00bb size=\u00a0\u00bb\u00a0\u00bb title=\u00a0\u00bbNOUS SOMMES PARTOUT EN RDC\u00a0\u00bb][\/vc_column][\/vc_row][vc_row][vc_column width=\u00a0\u00bb2\/3&Prime;][vc_column_text] NOUS AVONS BESOIN DE VOUS ECOUTER LAISSEZ NOUS VOTRE MESSAGE [\/vc_column_text][\/vc_column][vc_column width=\u00a0\u00bb1\/3&Prime;][vc_column_text] NOS ADRESSES : [\/vc_column_text][vc_separator][vc_column_text] contact@swiftglobalserices-drc.com +243 976 004 250 [\/vc_column_text][vc_separator][vc_column_text]GOMA Av. Grevelias, N.012. Com. Goma KINSHASA Av. Grevelias, N.012. Com. Goma LUBUMBASHI Av. Grevelias, N.012. Com. Goma ITURI Av. Grevelias,...\" \/>\n<meta property=\"og:url\" content=\"https:\/\/swiftglobalservices-drc.com\/index.php\/8014-2\/\" \/>\n<meta property=\"og:site_name\" content=\"Swift Global Service\" \/>\n<meta property=\"article:modified_time\" content=\"2022-12-13T17:13:25+00:00\" \/>\n<meta name=\"twitter:card\" content=\"summary_large_image\" \/>\n<meta name=\"twitter:label1\" content=\"Dur\u00e9e de lecture estim\u00e9e\" \/>\n\t<meta name=\"twitter:data1\" content=\"1 minute\" \/>\n<script type=\"application\/ld+json\" class=\"yoast-schema-graph\">{\"@context\":\"https:\/\/schema.org\",\"@graph\":[{\"@type\":\"WebPage\",\"@id\":\"https:\/\/swiftglobalservices-drc.com\/index.php\/8014-2\/\",\"url\":\"https:\/\/swiftglobalservices-drc.com\/index.php\/8014-2\/\",\"name\":\"Contactez-nous - Swift Global Service\",\"isPartOf\":{\"@id\":\"https:\/\/swiftglobalservices-drc.com\/#website\"},\"datePublished\":\"2022-11-25T06:09:39+00:00\",\"dateModified\":\"2022-12-13T17:13:25+00:00\",\"inLanguage\":\"fr-FR\",\"potentialAction\":[{\"@type\":\"ReadAction\",\"target\":[\"https:\/\/swiftglobalservices-drc.com\/index.php\/8014-2\/\"]}]},{\"@type\":\"WebSite\",\"@id\":\"https:\/\/swiftglobalservices-drc.com\/#website\",\"url\":\"https:\/\/swiftglobalservices-drc.com\/\",\"name\":\"Swift Global Service\",\"description\":\"Better-Faster-Smarter\",\"potentialAction\":[{\"@type\":\"SearchAction\",\"target\":{\"@type\":\"EntryPoint\",\"urlTemplate\":\"https:\/\/swiftglobalservices-drc.com\/?s={search_term_string}\"},\"query-input\":\"required name=search_term_string\"}],\"inLanguage\":\"fr-FR\"}]}<\/script>\n<!-- \/ Yoast SEO plugin. -->","yoast_head_json":{"title":"Contactez-nous - Swift Global Service","robots":{"index":"index","follow":"follow","max-snippet":"max-snippet:-1","max-image-preview":"max-image-preview:large","max-video-preview":"max-video-preview:-1"},"canonical":"https:\/\/swiftglobalservices-drc.com\/index.php\/8014-2\/","og_locale":"fr_FR","og_type":"article","og_title":"Contactez-nous - Swift Global Service","og_description":"[vc_row][vc_column width=\u00a0\u00bb1\/2&Prime;][vc_single_image image=\u00a0\u00bb8070&Prime; img_size=\u00a0\u00bbfull\u00a0\u00bb][\/vc_column][vc_column width=\u00a0\u00bb1\/2&Prime;][vc_gmaps link=\u00a0\u00bb#E-8_JTNDaWZyYW1lJTIwc3R5bGUlM0QlMjJib3JkZXIlM0ElMjAwJTNCJTIyJTIwc3JjJTNEJTIyaHR0cHMlM0ElMkYlMkZ3d3cuZ29vZ2xlLmNvbSUyRm1hcHMlMkZlbWJlZCUzRnBiJTNEJTIxMW0xNCUyMTFtOCUyMTFtMyUyMTFkMTU5NTIuMzcyNzA0NzY5MDUyJTIxMmQyOS4yMzY1MTIxJTIxM2QtMS42ODQ5NTkzJTIxM20yJTIxMWkxMDI0JTIxMmk3NjglMjE0ZjEzLjElMjEzbTMlMjExbTIlMjExczB4MCUyNTNBMHhhMTAxYTI4NTVlZWNjMzEwJTIxMnNTV0lGVCUyNTIwR0xPQkFMJTI1MjBTRVJWSUNFJTI1MjBTLkEuUi5MJTIxNWUwJTIxM20yJTIxMXNlbiUyMTJzY2QlMjE0djE2NzA5NTA4Mzg4NTklMjE1bTIlMjExc2VuJTIxMnNjZCUyMiUyMHdpZHRoJTNEJTIyMTAwJTI1JTIyJTIwaGVpZ2h0JTNEJTIyYXV0byUyMiUyMHN0eWxlJTNEJTIyYm9yZGVyJTNBMCUzQiUyMiUyMGFsbG93ZnVsbHNjcmVlbiUzRCUyMiUyMiUyMGxvYWRpbmclM0QlMjJsYXp5JTIyJTIwcmVmZXJyZXJwb2xpY3klM0QlMjJuby1yZWZlcnJlci13aGVuLWRvd25ncmFkZSUyMiUzRSUyMiUyMGZyYW1lYm9yZGVyJTNEJTIyMCUyMiUyMGFsbG93ZnVsbHNjcmVlbiUzRCUyMmFsbG93ZnVsbHNjcmVlbiUyMiUzRSUzQyUyRmlmcmFtZSUzRQ==\u00a0\u00bb size=\u00a0\u00bb\u00a0\u00bb title=\u00a0\u00bbNOUS SOMMES PARTOUT EN RDC\u00a0\u00bb][\/vc_column][\/vc_row][vc_row][vc_column width=\u00a0\u00bb2\/3&Prime;][vc_column_text] NOUS AVONS BESOIN DE VOUS ECOUTER LAISSEZ NOUS VOTRE MESSAGE [\/vc_column_text][\/vc_column][vc_column width=\u00a0\u00bb1\/3&Prime;][vc_column_text] NOS ADRESSES : [\/vc_column_text][vc_separator][vc_column_text] contact@swiftglobalserices-drc.com +243 976 004 250 [\/vc_column_text][vc_separator][vc_column_text]GOMA Av. Grevelias, N.012. Com. Goma KINSHASA Av. Grevelias, N.012. Com. Goma LUBUMBASHI Av. Grevelias, N.012. Com. Goma ITURI Av. Grevelias,...","og_url":"https:\/\/swiftglobalservices-drc.com\/index.php\/8014-2\/","og_site_name":"Swift Global Service","article_modified_time":"2022-12-13T17:13:25+00:00","twitter_card":"summary_large_image","twitter_misc":{"Dur\u00e9e de lecture estim\u00e9e":"1 minute"},"schema":{"@context":"https:\/\/schema.org","@graph":[{"@type":"WebPage","@id":"https:\/\/swiftglobalservices-drc.com\/index.php\/8014-2\/","url":"https:\/\/swiftglobalservices-drc.com\/index.php\/8014-2\/","name":"Contactez-nous - Swift Global Service","isPartOf":{"@id":"https:\/\/swiftglobalservices-drc.com\/#website"},"datePublished":"2022-11-25T06:09:39+00:00","dateModified":"2022-12-13T17:13:25+00:00","inLanguage":"fr-FR","potentialAction":[{"@type":"ReadAction","target":["https:\/\/swiftglobalservices-drc.com\/index.php\/8014-2\/"]}]},{"@type":"WebSite","@id":"https:\/\/swiftglobalservices-drc.com\/#website","url":"https:\/\/swiftglobalservices-drc.com\/","name":"Swift Global Service","description":"Better-Faster-Smarter","potentialAction":[{"@type":"SearchAction","target":{"@type":"EntryPoint","urlTemplate":"https:\/\/swiftglobalservices-drc.com\/?s={search_term_string}"},"query-input":"required name=search_term_string"}],"inLanguage":"fr-FR"}]}},"_links":{"self":[{"href":"https:\/\/swiftglobalservices-drc.com\/index.php\/wp-json\/wp\/v2\/pages\/8014","targetHints":{"allow":["GET"]}}],"collection":[{"href":"https:\/\/swiftglobalservices-drc.com\/index.php\/wp-json\/wp\/v2\/pages"}],"about":[{"href":"https:\/\/swiftglobalservices-drc.com\/index.php\/wp-json\/wp\/v2\/types\/page"}],"author":[{"embeddable":true,"href":"https:\/\/swiftglobalservices-drc.com\/index.php\/wp-json\/wp\/v2\/users\/1"}],"replies":[{"embeddable":true,"href":"https:\/\/swiftglobalservices-drc.com\/index.php\/wp-json\/wp\/v2\/comments?post=8014"}],"version-history":[{"count":5,"href":"https:\/\/swiftglobalservices-drc.com\/index.php\/wp-json\/wp\/v2\/pages\/8014\/revisions"}],"predecessor-version":[{"id":8131,"href":"https:\/\/swiftglobalservices-drc.com\/index.php\/wp-json\/wp\/v2\/pages\/8014\/revisions\/8131"}],"wp:attachment":[{"href":"https:\/\/swiftglobalservices-drc.com\/index.php\/wp-json\/wp\/v2\/media?parent=8014"}],"curies":[{"name":"wp","href":"https:\/\/api.w.org\/{rel}","templated":true}]}}